{"id":856,"date":"2018-02-20T13:39:40","date_gmt":"2018-02-20T13:39:40","guid":{"rendered":"http:\/\/gaiatr.com\/?page_id=856"},"modified":"2023-07-17T05:43:40","modified_gmt":"2023-07-17T05:43:40","slug":"blog","status":"publish","type":"page","link":"https:\/\/gaiatr.com\/tr\/blog\/grid\/blog\/","title":{"rendered":"Blog"},"content":{"rendered":"<div class=\"wpb-content-wrapper\"><div class=\"vc_row wpb_row vc_row-fluid default\"><div class=\"wpb_column vc_column_container vc_col-sm-12 default\"><div class=\"vc_column-inner \"><div class=\"wpb_wrapper\"><h2 style=\"text-align: left\" class=\"h vc_custom_heading vc_custom_1689572615751 tal\" ><span>Blog<\/span><\/h2><div class=\"blog-items row blog-5a8c24cab4144\"><article class=\"blog-item grid-type1 category-blog with-image col-xs-12 col-sm-6 col-md-6\"><div class=\"wrap\"><div class=\"top-wrap\"><div class=\"img\"><a href=\"https:\/\/gaiatr.com\/tr\/blog\/postlarimizdaki-begeni-sayilari-neden-dusuyor-fijital-evrim\/\" style=\"background-image: url(https:\/\/gaiatr.com\/wp-content\/uploads\/2023\/07\/blog-sm-scaled-1024x430.jpg)\"><\/a><\/div><div class=\"content\"><div class=\"categories\"><a href=\"https:\/\/gaiatr.com\/tr\/category\/blog\/\">Blog<\/a><\/div><h4 class=\"heading\"><a href=\"https:\/\/gaiatr.com\/tr\/blog\/postlarimizdaki-begeni-sayilari-neden-dusuyor-fijital-evrim\/\">Postlar\u0131m\u0131zdaki Be\u011feni Say\u0131lar\u0131 Neden D\u00fc\u015f\u00fcyor: Fijital Evrim<\/a><\/h4><div class=\"date\">12.07.23<\/div><\/div><\/div><div class=\"content-area\"><div class=\"desc\">Like say\u0131lar\u0131m\u0131z neden d\u00fc\u015ft\u00fc diye sosyal medya ajanslar\u0131yla acil toplant\u0131lar yapan markalar... Eskisi kadar pop\u00fcler de\u011fil miyim diye i\u00e7i i\u00e7ini yiyen Influencerlar... Like say\u0131lar\u0131 g...<\/div><a href=\"https:\/\/gaiatr.com\/tr\/blog\/postlarimizdaki-begeni-sayilari-neden-dusuyor-fijital-evrim\/\" class=\"button-readmore\"><span>Devam\u0131n\u0131 Oku<\/span><i class=\"base-icons-right-direction\"><\/i><\/a><\/div><div class=\"bottom\"><div class=\"col count\"><i class=\"base-icons-eye-view\"><\/i> <span>2.934 views<\/span><\/div><div class=\"col\"><a href=\"#\" class=\"zilla-likes\" id=\"zilla-likes-762\" title=\"Like this\" data-postfix=\" likes\"><i class=\"base-icons-lovers-heart\"><\/i> <span>2 likes<\/span><\/a><\/div><div class=\"col\"><i class=\"base-icons-dialogue-balloon\"><\/i> <a href=\"https:\/\/gaiatr.com\/tr\/blog\/postlarimizdaki-begeni-sayilari-neden-dusuyor-fijital-evrim\/#comments\">Yorum yap\u0131lmam\u0131\u015f<\/a><\/div><\/div><\/div><\/article><article class=\"blog-item grid-type1 category-blog with-image col-xs-12 col-sm-6 col-md-6\"><div class=\"wrap\"><div class=\"top-wrap\"><div class=\"img\"><a href=\"https:\/\/gaiatr.com\/tr\/blog\/arkadaslar-acilen-paylasimlarimizi-durduralim\/\" style=\"background-image: url(https:\/\/gaiatr.com\/wp-content\/uploads\/2024\/02\/josephina-kolpachnikof-prs-dGcH7K0-unsplash-1-1024x680.jpg)\"><\/a><\/div><div class=\"content\"><div class=\"categories\"><a href=\"https:\/\/gaiatr.com\/tr\/category\/blog\/\">Blog<\/a><\/div><h4 class=\"heading\"><a href=\"https:\/\/gaiatr.com\/tr\/blog\/arkadaslar-acilen-paylasimlarimizi-durduralim\/\">Arkada\u015flar Acilen Payla\u015f\u0131mlar\u0131m\u0131z\u0131 Durdural\u0131m!<\/a><\/h4><div class=\"date\">17.01.24<\/div><\/div><\/div><div class=\"content-area\"><div class=\"desc\">Son 3-4 y\u0131ld\u0131r sosyal medya i\u015fleriyle ilgilenen herkes bu c\u00fcmleyi defalarca duymu\u015ftur: Arkada\u015flar acilen payla\u015f\u0131mlar\u0131m\u0131z\u0131 durdural\u0131m!<\/div><a href=\"https:\/\/gaiatr.com\/tr\/blog\/arkadaslar-acilen-paylasimlarimizi-durduralim\/\" class=\"button-readmore\"><span>Devam\u0131n\u0131 Oku<\/span><i class=\"base-icons-right-direction\"><\/i><\/a><\/div><div class=\"bottom\"><div class=\"col count\"><i class=\"base-icons-eye-view\"><\/i> <span>2.765 views<\/span><\/div><div class=\"col\"><a href=\"#\" class=\"zilla-likes\" id=\"zilla-likes-2152\" title=\"Like this\" data-postfix=\" likes\"><i class=\"base-icons-lovers-heart\"><\/i> <span>3 likes<\/span><\/a><\/div><div class=\"col\"><i class=\"base-icons-dialogue-balloon\"><\/i> <a href=\"https:\/\/gaiatr.com\/tr\/blog\/arkadaslar-acilen-paylasimlarimizi-durduralim\/#comments\">Yorum yap\u0131lmam\u0131\u015f<\/a><\/div><\/div><\/div><\/article><\/div><\/div><\/div><\/div><\/div>\n<\/div>","protected":false},"excerpt":{"rendered":"Son 3-4 y\u0131ld\u0131r sosyal medya i\u015fleriyle ilgilenen herkes bu c\u00fcmleyi defalarca duymu\u015ftur: Arkada\u015flar acilen payla\u015f\u0131mlar\u0131m\u0131z\u0131 durdural\u0131m! Maalesef co\u011frafyam\u0131z bizlere bu c\u00fcmleleri kurduracak nice haberlere gebe. Belki de sizler bu yaz\u0131y\u0131 okurken, benim bu yaz\u0131y\u0131 yazmama neden olan olaylar\u0131n \u00fcst\u00fcne daha neler g\u00f6rm\u00fc\u015f olaca\u011f\u0131z. Bir yandan da k\u0131ymetli markalar\u0131n g\u00f6r\u00fcnen y\u00fcz\u00fc olan sekt\u00f6r\u00fcm\u00fcz, konjonkt\u00fcrden en h\u0131zl\u0131 [...]","protected":false},"author":1,"featured_media":0,"parent":540,"menu_order":0,"comment_status":"closed","ping_status":"closed","template":"template-landing.php","meta":{"_acf_changed":false,"footnotes":""},"class_list":["post-856","page","type-page","status-publish","hentry"],"acf":[],"yoast_head":"<!-- This site is optimized with the Yoast SEO plugin v27.1.1 - https:\/\/yoast.com\/product\/yoast-seo-wordpress\/ -->\n<title>Blog - gaia<\/title>\n<meta name=\"robots\" content=\"index, follow, max-snippet:-1, max-image-preview:large, max-video-preview:-1\" \/>\n<link rel=\"canonical\" href=\"https:\/\/gaiatr.com\/tr\/blog\/grid\/blog\/\" \/>\n<meta property=\"og:locale\" content=\"tr_TR\" \/>\n<meta property=\"og:type\" content=\"article\" \/>\n<meta property=\"og:title\" content=\"Blog - gaia\" \/>\n<meta property=\"og:url\" content=\"https:\/\/gaiatr.com\/tr\/blog\/grid\/blog\/\" \/>\n<meta property=\"og:site_name\" content=\"gaia\" \/>\n<meta property=\"article:publisher\" content=\"https:\/\/www.facebook.com\/gaiaturkiye\" \/>\n<meta property=\"article:modified_time\" content=\"2023-07-17T05:43:40+00:00\" \/>\n<meta name=\"twitter:card\" content=\"summary_large_image\" \/>\n<meta name=\"twitter:site\" content=\"@gaia_turkiye\" \/>\n<script type=\"application\/ld+json\" class=\"yoast-schema-graph\">{\"@context\":\"https:\/\/schema.org\",\"@graph\":[{\"@type\":\"WebPage\",\"@id\":\"https:\/\/gaiatr.com\/en\/blog\/grid\/blog\/\",\"url\":\"https:\/\/gaiatr.com\/en\/blog\/grid\/blog\/\",\"name\":\"Blog - gaia\",\"isPartOf\":{\"@id\":\"https:\/\/gaiatr.com\/#website\"},\"datePublished\":\"2018-02-20T13:39:40+00:00\",\"dateModified\":\"2023-07-17T05:43:40+00:00\",\"breadcrumb\":{\"@id\":\"https:\/\/gaiatr.com\/en\/blog\/grid\/blog\/#breadcrumb\"},\"inLanguage\":\"tr\",\"potentialAction\":[{\"@type\":\"ReadAction\",\"target\":[\"https:\/\/gaiatr.com\/en\/blog\/grid\/blog\/\"]}]},{\"@type\":\"BreadcrumbList\",\"@id\":\"https:\/\/gaiatr.com\/en\/blog\/grid\/blog\/#breadcrumb\",\"itemListElement\":[{\"@type\":\"ListItem\",\"position\":1,\"name\":\"The planet of interesting ideas.\",\"item\":\"https:\/\/gaiatr.com\/tr\/\"},{\"@type\":\"ListItem\",\"position\":2,\"name\":\"blog\",\"item\":\"https:\/\/gaiatr.com\/en\/blog\/\"},{\"@type\":\"ListItem\",\"position\":3,\"name\":\"Grid\",\"item\":\"https:\/\/gaiatr.com\/en\/?page_id=540\"},{\"@type\":\"ListItem\",\"position\":4,\"name\":\"Blog\"}]},{\"@type\":\"WebSite\",\"@id\":\"https:\/\/gaiatr.com\/#website\",\"url\":\"https:\/\/gaiatr.com\/\",\"name\":\"gaia\",\"description\":\"The planet of interesting ideas.\",\"publisher\":{\"@id\":\"https:\/\/gaiatr.com\/#organization\"},\"potentialAction\":[{\"@type\":\"SearchAction\",\"target\":{\"@type\":\"EntryPoint\",\"urlTemplate\":\"https:\/\/gaiatr.com\/?s={search_term_string}\"},\"query-input\":{\"@type\":\"PropertyValueSpecification\",\"valueRequired\":true,\"valueName\":\"search_term_string\"}}],\"inLanguage\":\"tr\"},{\"@type\":\"Organization\",\"@id\":\"https:\/\/gaiatr.com\/#organization\",\"name\":\"gaia\",\"url\":\"https:\/\/gaiatr.com\/\",\"logo\":{\"@type\":\"ImageObject\",\"inLanguage\":\"tr\",\"@id\":\"https:\/\/gaiatr.com\/#\/schema\/logo\/image\/\",\"url\":\"http:\/\/gaiatr.com\/wp-content\/uploads\/2023\/04\/gaia-logo-1.png\",\"contentUrl\":\"http:\/\/gaiatr.com\/wp-content\/uploads\/2023\/04\/gaia-logo-1.png\",\"width\":1422,\"height\":603,\"caption\":\"gaia\"},\"image\":{\"@id\":\"https:\/\/gaiatr.com\/#\/schema\/logo\/image\/\"},\"sameAs\":[\"https:\/\/www.facebook.com\/gaiaturkiye\",\"https:\/\/x.com\/gaia_turkiye\",\"https:\/\/www.instagram.com\/gaia_turkiye\/\",\"https:\/\/www.youtube.com\/@gaia_turkiye\"]}]}<\/script>\n<!-- \/ Yoast SEO plugin. -->","yoast_head_json":{"title":"Blog - gaia","robots":{"index":"index","follow":"follow","max-snippet":"max-snippet:-1","max-image-preview":"max-image-preview:large","max-video-preview":"max-video-preview:-1"},"canonical":"https:\/\/gaiatr.com\/tr\/blog\/grid\/blog\/","og_locale":"tr_TR","og_type":"article","og_title":"Blog - gaia","og_url":"https:\/\/gaiatr.com\/tr\/blog\/grid\/blog\/","og_site_name":"gaia","article_publisher":"https:\/\/www.facebook.com\/gaiaturkiye","article_modified_time":"2023-07-17T05:43:40+00:00","twitter_card":"summary_large_image","twitter_site":"@gaia_turkiye","schema":{"@context":"https:\/\/schema.org","@graph":[{"@type":"WebPage","@id":"https:\/\/gaiatr.com\/en\/blog\/grid\/blog\/","url":"https:\/\/gaiatr.com\/en\/blog\/grid\/blog\/","name":"Blog - gaia","isPartOf":{"@id":"https:\/\/gaiatr.com\/#website"},"datePublished":"2018-02-20T13:39:40+00:00","dateModified":"2023-07-17T05:43:40+00:00","breadcrumb":{"@id":"https:\/\/gaiatr.com\/en\/blog\/grid\/blog\/#breadcrumb"},"inLanguage":"tr","potentialAction":[{"@type":"ReadAction","target":["https:\/\/gaiatr.com\/en\/blog\/grid\/blog\/"]}]},{"@type":"BreadcrumbList","@id":"https:\/\/gaiatr.com\/en\/blog\/grid\/blog\/#breadcrumb","itemListElement":[{"@type":"ListItem","position":1,"name":"The planet of interesting ideas.","item":"https:\/\/gaiatr.com\/tr\/"},{"@type":"ListItem","position":2,"name":"blog","item":"https:\/\/gaiatr.com\/en\/blog\/"},{"@type":"ListItem","position":3,"name":"Grid","item":"https:\/\/gaiatr.com\/en\/?page_id=540"},{"@type":"ListItem","position":4,"name":"Blog"}]},{"@type":"WebSite","@id":"https:\/\/gaiatr.com\/#website","url":"https:\/\/gaiatr.com\/","name":"gaia","description":"The planet of interesting ideas.","publisher":{"@id":"https:\/\/gaiatr.com\/#organization"},"potentialAction":[{"@type":"SearchAction","target":{"@type":"EntryPoint","urlTemplate":"https:\/\/gaiatr.com\/?s={search_term_string}"},"query-input":{"@type":"PropertyValueSpecification","valueRequired":true,"valueName":"search_term_string"}}],"inLanguage":"tr"},{"@type":"Organization","@id":"https:\/\/gaiatr.com\/#organization","name":"gaia","url":"https:\/\/gaiatr.com\/","logo":{"@type":"ImageObject","inLanguage":"tr","@id":"https:\/\/gaiatr.com\/#\/schema\/logo\/image\/","url":"http:\/\/gaiatr.com\/wp-content\/uploads\/2023\/04\/gaia-logo-1.png","contentUrl":"http:\/\/gaiatr.com\/wp-content\/uploads\/2023\/04\/gaia-logo-1.png","width":1422,"height":603,"caption":"gaia"},"image":{"@id":"https:\/\/gaiatr.com\/#\/schema\/logo\/image\/"},"sameAs":["https:\/\/www.facebook.com\/gaiaturkiye","https:\/\/x.com\/gaia_turkiye","https:\/\/www.instagram.com\/gaia_turkiye\/","https:\/\/www.youtube.com\/@gaia_turkiye"]}]}},"_links":{"self":[{"href":"https:\/\/gaiatr.com\/tr\/wp-json\/wp\/v2\/pages\/856","targetHints":{"allow":["GET"]}}],"collection":[{"href":"https:\/\/gaiatr.com\/tr\/wp-json\/wp\/v2\/pages"}],"about":[{"href":"https:\/\/gaiatr.com\/tr\/wp-json\/wp\/v2\/types\/page"}],"author":[{"embeddable":true,"href":"https:\/\/gaiatr.com\/tr\/wp-json\/wp\/v2\/users\/1"}],"replies":[{"embeddable":true,"href":"https:\/\/gaiatr.com\/tr\/wp-json\/wp\/v2\/comments?post=856"}],"version-history":[{"count":0,"href":"https:\/\/gaiatr.com\/tr\/wp-json\/wp\/v2\/pages\/856\/revisions"}],"up":[{"embeddable":true,"href":"https:\/\/gaiatr.com\/tr\/wp-json\/wp\/v2\/pages\/540"}],"wp:attachment":[{"href":"https:\/\/gaiatr.com\/tr\/wp-json\/wp\/v2\/media?parent=856"}],"curies":[{"name":"wp","href":"https:\/\/api.w.org\/{rel}","templated":true}]}}