{"id":2648,"date":"2024-02-22T13:09:20","date_gmt":"2024-02-22T13:09:20","guid":{"rendered":"https:\/\/gaiatr.com\/?page_id=2648"},"modified":"2026-03-23T09:56:47","modified_gmt":"2026-03-23T06:56:47","slug":"karakterimiz","status":"publish","type":"page","link":"https:\/\/gaiatr.com\/tr\/karakterimiz\/","title":{"rendered":"Karakterimiz"},"content":{"rendered":"<div class=\"wpb-content-wrapper\"><div class=\"vc_row wpb_row vc_row-fluid default vc_row-o-equal-height vc_row-flex\"><div class=\"wpb_column vc_column_container vc_col-sm-12 default\"><div class=\"vc_column-inner \"><div class=\"wpb_wrapper\">\n\t\t\t<!-- START teori tam 1 REVOLUTION SLIDER 6.6.20 --><p class=\"rs-p-wp-fix\"><\/p>\n\t\t\t<rs-module-wrap id=\"rev_slider_14_1_wrapper\" data-source=\"gallery\" style=\"visibility:hidden;background:transparent;padding:0;margin:0px auto;margin-top:0;margin-bottom:0;\">\n\t\t\t\t<rs-module id=\"rev_slider_14_1\" class=\"rs-respect-topbar\" style=\"\" data-version=\"6.6.20\">\n\t\t\t\t\t<rs-slides style=\"overflow: hidden; position: absolute;\">\n\t\t\t\t\t\t<rs-slide style=\"position: absolute;\" data-key=\"rs-22\" data-title=\"Version 1\" data-anim=\"ms:10;\" data-in=\"o:1;\" data-out=\"a:false;\">\n\t\t\t\t\t\t\t<img decoding=\"async\" src=\"\/\/gaiatr.com\/wp-content\/plugins\/revslider\/public\/assets\/assets\/dummy.png\" alt=\"\" class=\"rev-slidebg tp-rs-img rs-lazyload\" data-lazyload=\"\/\/gaiatr.com\/wp-content\/uploads\/2024\/02\/teori-tam-sayfa-1.jpg\" data-bg=\"p:center top;\" data-parallax=\"off\" data-no-retina>\n<!--\n\t\t\t\t\t\t\t--><rs-layer\n\t\t\t\t\t\t\t\tid=\"slider-14-slide-22-layer-0\" \n\t\t\t\t\t\t\t\tdata-type=\"text\"\n\t\t\t\t\t\t\t\tdata-rsp_ch=\"on\"\n\t\t\t\t\t\t\t\tdata-xy=\"x:c;y:m;yo:-722px,-596px,-452px,-271px;\"\n\t\t\t\t\t\t\t\tdata-text=\"s:22,18,13,10;l:26,21,15,11;fw:500;a:center;\"\n\t\t\t\t\t\t\t\tdata-dim=\"w:auto,auto,auto,368px;\"\n\t\t\t\t\t\t\t\tdata-frame_0=\"y:58px,47px,35px,26px;\"\n\t\t\t\t\t\t\t\tdata-frame_1=\"sp:1000;\"\n\t\t\t\t\t\t\t\tdata-frame_999=\"st:w;sR:8000;\"\n\t\t\t\t\t\t\t\tstyle=\"z-index:26;font-family:'Urbanist';\"\n\t\t\t\t\t\t\t>Gezegenimize geldi\u011finizde bizi g\u00fc\u00e7l\u00fc, yarat\u0131c\u0131 ve ilgin\u00e7 yapan \u015feyin <br\/>gaial\u0131lar\u0131n sahip oldu\u011fu be\u015f ki\u015filik \u00f6zelli\u011fi oldu\u011funu hemen fark edeceksiniz.  \n\t\t\t\t\t\t\t<\/rs-layer><!--\n\n\t\t\t\t\t\t\t--><rs-layer\n\t\t\t\t\t\t\t\tid=\"slider-14-slide-22-layer-1\" \n\t\t\t\t\t\t\t\tclass=\"rs-pxl-1\"\n\t\t\t\t\t\t\t\tdata-type=\"image\"\n\t\t\t\t\t\t\t\tdata-rsp_ch=\"on\"\n\t\t\t\t\t\t\t\tdata-xy=\"xo:206px,170px,129px,79px;yo:720px,594px,451px,278px;\"\n\t\t\t\t\t\t\t\tdata-text=\"w:normal;s:20,16,12,7;l:0,20,15,9;\"\n\t\t\t\t\t\t\t\tdata-dim=\"w:171px,141px,107px,66px;h:257px,212px,161px,99px;\"\n\t\t\t\t\t\t\t\tdata-btrans=\"rY:180;\"\n\t\t\t\t\t\t\t\tdata-frame_0=\"x:right;\"\n\t\t\t\t\t\t\t\tdata-frame_1=\"sp:1000;\"\n\t\t\t\t\t\t\t\tdata-frame_999=\"o:0;st:w;sR:8000;\"\n\t\t\t\t\t\t\t\tstyle=\"z-index:14;\"\n\t\t\t\t\t\t\t><img decoding=\"async\" src=\"\/\/gaiatr.com\/wp-content\/plugins\/revslider\/public\/assets\/assets\/dummy.png\" alt=\"\" class=\"tp-rs-img rs-lazyload\" width=\"687\" height=\"1032\" data-lazyload=\"\/\/gaiatr.com\/wp-content\/uploads\/2024\/02\/t2-2.png\" data-no-retina> \n\t\t\t\t\t\t\t<\/rs-layer><!--\n\n\t\t\t\t\t\t\t--><rs-layer\n\t\t\t\t\t\t\t\tid=\"slider-14-slide-22-layer-2\" \n\t\t\t\t\t\t\t\tdata-type=\"text\"\n\t\t\t\t\t\t\t\tdata-rsp_ch=\"on\"\n\t\t\t\t\t\t\t\tdata-xy=\"x:c;y:m;yo:-798px,-658px,-499px,-303px;\"\n\t\t\t\t\t\t\t\tdata-text=\"s:35,28,21,15;l:41,33,25,18;fw:800;a:center;\"\n\t\t\t\t\t\t\t\tdata-dim=\"w:auto,auto,auto,325px;\"\n\t\t\t\t\t\t\t\tdata-frame_0=\"y:59px,48px,36px,27px;\"\n\t\t\t\t\t\t\t\tdata-frame_1=\"sp:1000;\"\n\t\t\t\t\t\t\t\tdata-frame_999=\"st:w;sR:8000;\"\n\t\t\t\t\t\t\t\tstyle=\"z-index:27;font-family:'Urbanist';\"\n\t\t\t\t\t\t\t>gaia\u2019y\u0131 \u201cajans\u0131n insanlar\u0131 de\u011fil insanlar\u0131n ajans\u0131\u201d  <br\/>\nolma prensibiyle kurduk. \n\t\t\t\t\t\t\t<\/rs-layer><!--\n\n\t\t\t\t\t\t\t--><rs-layer\n\t\t\t\t\t\t\t\tid=\"slider-14-slide-22-layer-3\" \n\t\t\t\t\t\t\t\tdata-type=\"text\"\n\t\t\t\t\t\t\t\tdata-rsp_ch=\"on\"\n\t\t\t\t\t\t\t\tdata-xy=\"xo:418px,345px,262px,168px;y:m;yo:-434px,-358px,-271px,-188px;\"\n\t\t\t\t\t\t\t\tdata-text=\"s:44,36,27,20;l:52,42,31,19;ls:0,0,0,0px;fw:800;\"\n\t\t\t\t\t\t\t\tdata-frame_0=\"x:right;\"\n\t\t\t\t\t\t\t\tdata-frame_1=\"sp:1000;\"\n\t\t\t\t\t\t\t\tdata-frame_999=\"st:w;sR:8000;\"\n\t\t\t\t\t\t\t\tstyle=\"z-index:25;font-family:'Urbanist';\"\n\t\t\t\t\t\t\t>lego-centric \n\t\t\t\t\t\t\t<\/rs-layer><!--\n\n\t\t\t\t\t\t\t--><rs-layer\n\t\t\t\t\t\t\t\tid=\"slider-14-slide-22-layer-4\" \n\t\t\t\t\t\t\t\tdata-type=\"text\"\n\t\t\t\t\t\t\t\tdata-rsp_ch=\"on\"\n\t\t\t\t\t\t\t\tdata-xy=\"x:c;xo:-231px,-190px,-144px,-95px;y:m;yo:-1080px,-891px,-676px,-394px;\"\n\t\t\t\t\t\t\t\tdata-text=\"s:45,37,28,17;l:52,42,31,19;ls:0,0,0,0px;fw:700;\"\n\t\t\t\t\t\t\t\tdata-frame_0=\"x:-88px,-72px,-54px,-33px;\"\n\t\t\t\t\t\t\t\tdata-frame_1=\"sp:1000;\"\n\t\t\t\t\t\t\t\tdata-frame_999=\"st:w;sR:8000;\"\n\t\t\t\t\t\t\t\tstyle=\"z-index:28;font-family:'Urbanist';\"\n\t\t\t\t\t\t\t>Yarat\u0131c\u0131l\u0131\u011f\u0131n gelece\u011fi <br\/>\nilgin\u00e7 insanlara \nihtiya\u00e7 duyuyor. \n\t\t\t\t\t\t\t<\/rs-layer><!--\n\n\t\t\t\t\t\t\t--><rs-layer\n\t\t\t\t\t\t\t\tid=\"slider-14-slide-22-layer-5\" \n\t\t\t\t\t\t\t\tdata-type=\"text\"\n\t\t\t\t\t\t\t\tdata-rsp_ch=\"on\"\n\t\t\t\t\t\t\t\tdata-xy=\"xo:418px,345px,262px,168px;y:m;yo:-357px,-294px,-223px,-158px;\"\n\t\t\t\t\t\t\t\tdata-text=\"s:23,18,13,10;l:27,22,16,11;ls:0,0,0,0px;\"\n\t\t\t\t\t\t\t\tdata-frame_0=\"x:right;\"\n\t\t\t\t\t\t\t\tdata-frame_1=\"sp:1000;\"\n\t\t\t\t\t\t\t\tdata-frame_999=\"st:w;sR:8000;\"\n\t\t\t\t\t\t\t\tstyle=\"z-index:20;font-family:'Urbanist';\"\n\t\t\t\t\t\t\t>gaia ego merkezli bir gezegen de\u011fil. <br\/<>\nEgolar\u0131m\u0131z\u0131 bireysel olarak b\u00fcy\u00fctmek yerine <br\/<> lego par\u00e7alar\u0131 gibi birbirimizi tamaml\u0131yoruz. \n\t\t\t\t\t\t\t<\/rs-layer><!--\n\n\t\t\t\t\t\t\t--><rs-layer\n\t\t\t\t\t\t\t\tid=\"slider-14-slide-22-layer-6\" \n\t\t\t\t\t\t\t\tclass=\"rs-pxl-6\"\n\t\t\t\t\t\t\t\tdata-type=\"image\"\n\t\t\t\t\t\t\t\tdata-rsp_ch=\"on\"\n\t\t\t\t\t\t\t\tdata-xy=\"xo:905px,747px,567px,349px;yo:1106px,913px,693px,427px;\"\n\t\t\t\t\t\t\t\tdata-text=\"w:normal;s:20,16,12,7;l:0,20,15,9;\"\n\t\t\t\t\t\t\t\tdata-dim=\"w:207px,170px,129px,79px;h:226px,186px,141px,86px;\"\n\t\t\t\t\t\t\t\tdata-frame_0=\"x:right;\"\n\t\t\t\t\t\t\t\tdata-frame_1=\"sp:1000;\"\n\t\t\t\t\t\t\t\tdata-frame_999=\"o:0;st:w;sR:8000;\"\n\t\t\t\t\t\t\t\tstyle=\"z-index:13;\"\n\t\t\t\t\t\t\t><img decoding=\"async\" src=\"\/\/gaiatr.com\/wp-content\/plugins\/revslider\/public\/assets\/assets\/dummy.png\" alt=\"\" class=\"tp-rs-img rs-lazyload\" width=\"421\" height=\"460\" data-lazyload=\"\/\/gaiatr.com\/wp-content\/uploads\/2024\/02\/t1-2.png\" data-no-retina> \n\t\t\t\t\t\t\t<\/rs-layer><!--\n\n\t\t\t\t\t\t\t--><rs-layer\n\t\t\t\t\t\t\t\tid=\"slider-14-slide-22-layer-7\" \n\t\t\t\t\t\t\t\tdata-type=\"text\"\n\t\t\t\t\t\t\t\tdata-rsp_ch=\"on\"\n\t\t\t\t\t\t\t\tdata-xy=\"x:r;xo:382px,315px,239px,150px;y:m;yo:-7px,-5px,-3px,-20px;\"\n\t\t\t\t\t\t\t\tdata-text=\"s:23,18,13,10;l:27,22,16,11;ls:0,0,0,0px;a:right;\"\n\t\t\t\t\t\t\t\tdata-frame_0=\"x:left;\"\n\t\t\t\t\t\t\t\tdata-frame_1=\"sp:1000;\"\n\t\t\t\t\t\t\t\tdata-frame_999=\"st:w;sR:8000;\"\n\t\t\t\t\t\t\t\tstyle=\"z-index:17;font-family:'Urbanist';\"\n\t\t\t\t\t\t\t>gaial\u0131lar katma de\u011ferin farkl\u0131 disiplinlerin birle\u015fimiyle  <br\/>meydana geldi\u011fine inan\u0131r. Farkl\u0131 alanlardan deneyimledikleri bilgi,  <br\/>beceri ve bak\u0131\u015f a\u00e7\u0131lar\u0131n\u0131 bir araya getirerek i\u015flerine yans\u0131t\u0131r.  \n\t\t\t\t\t\t\t<\/rs-layer><!--\n\n\t\t\t\t\t\t\t--><rs-layer\n\t\t\t\t\t\t\t\tid=\"slider-14-slide-22-layer-8\" \n\t\t\t\t\t\t\t\tdata-type=\"text\"\n\t\t\t\t\t\t\t\tdata-rsp_ch=\"on\"\n\t\t\t\t\t\t\t\tdata-xy=\"x:r;xo:386px,318px,241px,150px;y:m;yo:-85px,-70px,-53px,-51px;\"\n\t\t\t\t\t\t\t\tdata-text=\"s:44,36,27,20;l:52,42,31,19;ls:0,0,0,0px;fw:800;a:right;\"\n\t\t\t\t\t\t\t\tdata-frame_0=\"x:left;\"\n\t\t\t\t\t\t\t\tdata-frame_1=\"sp:1000;\"\n\t\t\t\t\t\t\t\tdata-frame_999=\"st:w;sR:8000;\"\n\t\t\t\t\t\t\t\tstyle=\"z-index:22;font-family:'Urbanist';\"\n\t\t\t\t\t\t\t>multidisciplinary \n\t\t\t\t\t\t\t<\/rs-layer><!--\n\n\t\t\t\t\t\t\t--><rs-layer\n\t\t\t\t\t\t\t\tid=\"slider-14-slide-22-layer-9\" \n\t\t\t\t\t\t\t\tdata-type=\"text\"\n\t\t\t\t\t\t\t\tdata-rsp_ch=\"on\"\n\t\t\t\t\t\t\t\tdata-xy=\"xo:387px,319px,242px,161px;y:m;yo:336px,277px,210px,113px;\"\n\t\t\t\t\t\t\t\tdata-text=\"s:23,18,13,10;l:27,22,16,11;ls:0,0,0,0px;\"\n\t\t\t\t\t\t\t\tdata-frame_0=\"x:right;\"\n\t\t\t\t\t\t\t\tdata-frame_1=\"sp:1000;\"\n\t\t\t\t\t\t\t\tdata-frame_999=\"st:w;sR:8000;\"\n\t\t\t\t\t\t\t\tstyle=\"z-index:19;font-family:'Urbanist';\"\n\t\t\t\t\t\t\t>gaial\u0131lar fiziksel ve sosyal \u00e7evrelerinde olanlar\u0131n bilincindedir <br\/>ve \u00e7evrelerini iyile\u015ftirmek i\u00e7in aksiyon almaya haz\u0131rd\u0131r.   \n\t\t\t\t\t\t\t<\/rs-layer><!--\n\n\t\t\t\t\t\t\t--><rs-layer\n\t\t\t\t\t\t\t\tid=\"slider-14-slide-22-layer-10\" \n\t\t\t\t\t\t\t\tdata-type=\"text\"\n\t\t\t\t\t\t\t\tdata-rsp_ch=\"on\"\n\t\t\t\t\t\t\t\tdata-xy=\"xo:387px,319px,242px,161px;y:m;yo:259px,213px,161px,84px;\"\n\t\t\t\t\t\t\t\tdata-text=\"s:44,36,27,20;l:52,42,31,19;ls:0,0,0,0px;fw:800;\"\n\t\t\t\t\t\t\t\tdata-frame_0=\"x:right;\"\n\t\t\t\t\t\t\t\tdata-frame_1=\"sp:1000;\"\n\t\t\t\t\t\t\t\tdata-frame_999=\"st:w;sR:8000;\"\n\t\t\t\t\t\t\t\tstyle=\"z-index:24;font-family:'Urbanist';\"\n\t\t\t\t\t\t\t>aware \n\t\t\t\t\t\t\t<\/rs-layer><!--\n\n\t\t\t\t\t\t\t--><rs-layer\n\t\t\t\t\t\t\t\tid=\"slider-14-slide-22-layer-11\" \n\t\t\t\t\t\t\t\tclass=\"rs-pxl-1\"\n\t\t\t\t\t\t\t\tdata-type=\"image\"\n\t\t\t\t\t\t\t\tdata-rsp_ch=\"on\"\n\t\t\t\t\t\t\t\tdata-xy=\"xo:192px,158px,120px,74px;yo:2173px,1794px,1363px,840px;\"\n\t\t\t\t\t\t\t\tdata-text=\"w:normal;s:20,16,12,7;l:0,20,15,9;\"\n\t\t\t\t\t\t\t\tdata-dim=\"w:220px,181px,137px,84px;h:238px,196px,148px,91px;\"\n\t\t\t\t\t\t\t\tdata-btrans=\"rY:180;\"\n\t\t\t\t\t\t\t\tdata-frame_0=\"x:right;\"\n\t\t\t\t\t\t\t\tdata-frame_1=\"sp:1000;\"\n\t\t\t\t\t\t\t\tdata-frame_999=\"o:0;st:w;sR:8000;\"\n\t\t\t\t\t\t\t\tstyle=\"z-index:11;\"\n\t\t\t\t\t\t\t><img decoding=\"async\" src=\"\/\/gaiatr.com\/wp-content\/plugins\/revslider\/public\/assets\/assets\/dummy.png\" alt=\"\" class=\"tp-rs-img rs-lazyload\" data-lazyload=\"\/\/gaiatr.com\/wp-content\/uploads\/2024\/02\/t5-2.png\" data-no-retina> \n\t\t\t\t\t\t\t<\/rs-layer><!--\n\n\t\t\t\t\t\t\t--><rs-layer\n\t\t\t\t\t\t\t\tid=\"slider-14-slide-22-layer-12\" \n\t\t\t\t\t\t\t\tdata-type=\"text\"\n\t\t\t\t\t\t\t\tdata-rsp_ch=\"on\"\n\t\t\t\t\t\t\t\tdata-xy=\"x:r;xo:388px,320px,243px,150px;y:m;yo:638px,526px,399px,229px;\"\n\t\t\t\t\t\t\t\tdata-text=\"s:44,36,27,20;l:52,42,31,19;ls:0,0,0,0px;fw:800;a:right;\"\n\t\t\t\t\t\t\t\tdata-frame_0=\"x:left;\"\n\t\t\t\t\t\t\t\tdata-frame_1=\"sp:1000;\"\n\t\t\t\t\t\t\t\tdata-frame_999=\"st:w;sR:8000;\"\n\t\t\t\t\t\t\t\tstyle=\"z-index:21;font-family:'Urbanist';\"\n\t\t\t\t\t\t\t>curious \n\t\t\t\t\t\t\t<\/rs-layer><!--\n\n\t\t\t\t\t\t\t--><rs-layer\n\t\t\t\t\t\t\t\tid=\"slider-14-slide-22-layer-13\" \n\t\t\t\t\t\t\t\tdata-type=\"text\"\n\t\t\t\t\t\t\t\tdata-rsp_ch=\"on\"\n\t\t\t\t\t\t\t\tdata-xy=\"x:r;xo:388px,320px,243px,148px;y:m;yo:693px,572px,434px,253px;\"\n\t\t\t\t\t\t\t\tdata-text=\"s:23,18,13,10;l:27,22,16,11;ls:0,0,0,0px;a:right;\"\n\t\t\t\t\t\t\t\tdata-frame_0=\"x:left;\"\n\t\t\t\t\t\t\t\tdata-frame_1=\"sp:1000;\"\n\t\t\t\t\t\t\t\tdata-frame_999=\"st:w;sR:8000;\"\n\t\t\t\t\t\t\t\tstyle=\"z-index:16;font-family:'Urbanist';\"\n\t\t\t\t\t\t\t>gaial\u0131lar i\u00e7in merak, ba\u015far\u0131 ve yenili\u011fin yap\u0131 ta\u015f\u0131d\u0131r. <br\/>Bizi hayatta tutan \u015fey merakt\u0131r.  \n\t\t\t\t\t\t\t<\/rs-layer><!--\n\n\t\t\t\t\t\t\t--><rs-layer\n\t\t\t\t\t\t\t\tid=\"slider-14-slide-22-layer-14\" \n\t\t\t\t\t\t\t\tclass=\"rs-pxl-6\"\n\t\t\t\t\t\t\t\tdata-type=\"image\"\n\t\t\t\t\t\t\t\tdata-rsp_ch=\"on\"\n\t\t\t\t\t\t\t\tdata-xy=\"xo:911px,752px,571px,352px;yo:1799px,1485px,1128px,695px;\"\n\t\t\t\t\t\t\t\tdata-text=\"w:normal;s:20,16,12,7;l:0,20,15,9;\"\n\t\t\t\t\t\t\t\tdata-dim=\"w:165px,136px,103px,63px;h:263px,217px,164px,101px;\"\n\t\t\t\t\t\t\t\tdata-btrans=\"rY:180;\"\n\t\t\t\t\t\t\t\tdata-frame_0=\"x:left;\"\n\t\t\t\t\t\t\t\tdata-frame_1=\"sp:1000;\"\n\t\t\t\t\t\t\t\tdata-frame_999=\"o:0;st:w;sR:8000;\"\n\t\t\t\t\t\t\t\tstyle=\"z-index:12;\"\n\t\t\t\t\t\t\t><img decoding=\"async\" src=\"\/\/gaiatr.com\/wp-content\/plugins\/revslider\/public\/assets\/assets\/dummy.png\" alt=\"\" class=\"tp-rs-img rs-lazyload\" width=\"295\" height=\"470\" data-lazyload=\"\/\/gaiatr.com\/wp-content\/uploads\/2024\/02\/t4-2.png\" data-no-retina> \n\t\t\t\t\t\t\t<\/rs-layer><!--\n\n\t\t\t\t\t\t\t--><rs-layer\n\t\t\t\t\t\t\t\tid=\"slider-14-slide-22-layer-15\" \n\t\t\t\t\t\t\t\tdata-type=\"text\"\n\t\t\t\t\t\t\t\tdata-rsp_ch=\"on\"\n\t\t\t\t\t\t\t\tdata-xy=\"xo:473px,390px,296px,167px;y:m;yo:1057px,872px,662px,393px;\"\n\t\t\t\t\t\t\t\tdata-text=\"s:23,18,13,10;l:27,22,16,11;ls:0,0,0,0px;\"\n\t\t\t\t\t\t\t\tdata-frame_0=\"x:right;\"\n\t\t\t\t\t\t\t\tdata-frame_1=\"sp:1000;\"\n\t\t\t\t\t\t\t\tdata-frame_999=\"st:w;sR:8000;\"\n\t\t\t\t\t\t\t\tstyle=\"z-index:18;font-family:'Urbanist';\"\n\t\t\t\t\t\t\t>Her bir gaial\u0131 benzersizdir. gaia\u2019y\u0131 s\u00fcrd\u00fcr\u00fclebilir  <br\/>ve ya\u015fanabilir bir gezegen haline getirenin de  <br\/>bu benzersizlik oldu\u011funu inan\u0131rlar.  \n\t\t\t\t\t\t\t<\/rs-layer><!--\n\n\t\t\t\t\t\t\t--><rs-layer\n\t\t\t\t\t\t\t\tid=\"slider-14-slide-22-layer-16\" \n\t\t\t\t\t\t\t\tdata-type=\"text\"\n\t\t\t\t\t\t\t\tdata-rsp_ch=\"on\"\n\t\t\t\t\t\t\t\tdata-xy=\"xo:472px,389px,295px,168px;y:m;yo:967px,798px,606px,357px;\"\n\t\t\t\t\t\t\t\tdata-text=\"s:44,36,27,20;l:52,42,31,19;ls:0,0,0,0px;fw:800;\"\n\t\t\t\t\t\t\t\tdata-frame_0=\"x:right;\"\n\t\t\t\t\t\t\t\tdata-frame_1=\"sp:1000;\"\n\t\t\t\t\t\t\t\tdata-frame_999=\"st:w;sR:8000;\"\n\t\t\t\t\t\t\t\tstyle=\"z-index:23;font-family:'Urbanist';\"\n\t\t\t\t\t\t\t>unique \n\t\t\t\t\t\t\t<\/rs-layer><!--\n\n\t\t\t\t\t\t\t--><rs-layer\n\t\t\t\t\t\t\t\tid=\"slider-14-slide-22-layer-17\" \n\t\t\t\t\t\t\t\tdata-type=\"shape\"\n\t\t\t\t\t\t\t\tdata-rsp_ch=\"on\"\n\t\t\t\t\t\t\t\tdata-xy=\"x:c;yo:764px,630px,478px,294px;\"\n\t\t\t\t\t\t\t\tdata-text=\"w:normal;s:20,16,12,7;l:0,20,15,9;\"\n\t\t\t\t\t\t\t\tdata-dim=\"w:2500px,2064px,1568px,967px;h:200px,165px,125px,77px;\"\n\t\t\t\t\t\t\t\tdata-frame_999=\"o:0;st:w;\"\n\t\t\t\t\t\t\t\tstyle=\"z-index:9;background-color:rgba(0,0,0,0.25);\"\n\t\t\t\t\t\t\t> \n\t\t\t\t\t\t\t<\/rs-layer><!--\n\n\t\t\t\t\t\t\t--><rs-layer\n\t\t\t\t\t\t\t\tid=\"slider-14-slide-22-layer-18\" \n\t\t\t\t\t\t\t\tdata-type=\"shape\"\n\t\t\t\t\t\t\t\tdata-rsp_ch=\"on\"\n\t\t\t\t\t\t\t\tdata-xy=\"x:c;yo:1116px,921px,699px,431px;\"\n\t\t\t\t\t\t\t\tdata-text=\"w:normal;s:20,16,12,7;l:0,20,15,9;\"\n\t\t\t\t\t\t\t\tdata-dim=\"w:2500px,2064px,1568px,967px;h:200px,165px,125px,77px;\"\n\t\t\t\t\t\t\t\tdata-frame_999=\"o:0;st:w;\"\n\t\t\t\t\t\t\t\tstyle=\"z-index:8;background-color:rgba(0,0,0,0.3);\"\n\t\t\t\t\t\t\t> \n\t\t\t\t\t\t\t<\/rs-layer><!--\n\n\t\t\t\t\t\t\t--><rs-layer\n\t\t\t\t\t\t\t\tid=\"slider-14-slide-22-layer-19\" \n\t\t\t\t\t\t\t\tclass=\"rs-pxl-1\"\n\t\t\t\t\t\t\t\tdata-type=\"image\"\n\t\t\t\t\t\t\t\tdata-rsp_ch=\"on\"\n\t\t\t\t\t\t\t\tdata-xy=\"xo:181px,149px,113px,69px;yo:1424px,1175px,892px,550px;\"\n\t\t\t\t\t\t\t\tdata-text=\"w:normal;s:20,16,12,7;l:0,20,15,9;\"\n\t\t\t\t\t\t\t\tdata-dim=\"w:163px,134px,101px,62px;h:276px,227px,172px,106px;\"\n\t\t\t\t\t\t\t\tdata-frame_0=\"x:left;\"\n\t\t\t\t\t\t\t\tdata-frame_1=\"sp:1000;\"\n\t\t\t\t\t\t\t\tdata-frame_999=\"o:0;st:w;sR:8000;\"\n\t\t\t\t\t\t\t\tstyle=\"z-index:10;\"\n\t\t\t\t\t\t\t><img decoding=\"async\" src=\"\/\/gaiatr.com\/wp-content\/plugins\/revslider\/public\/assets\/assets\/dummy.png\" alt=\"\" class=\"tp-rs-img rs-lazyload\" data-lazyload=\"\/\/gaiatr.com\/wp-content\/uploads\/2024\/02\/t3-2.png\" data-no-retina> \n\t\t\t\t\t\t\t<\/rs-layer><!--\n\n\t\t\t\t\t\t\t--><rs-layer\n\t\t\t\t\t\t\t\tid=\"slider-14-slide-22-layer-20\" \n\t\t\t\t\t\t\t\tdata-type=\"shape\"\n\t\t\t\t\t\t\t\tdata-rsp_ch=\"on\"\n\t\t\t\t\t\t\t\tdata-xy=\"x:c;yo:1466px,1210px,919px,566px;\"\n\t\t\t\t\t\t\t\tdata-text=\"w:normal;s:20,16,12,7;l:0,20,15,9;\"\n\t\t\t\t\t\t\t\tdata-dim=\"w:2500px,2064px,1568px,967px;h:200px,165px,125px,77px;\"\n\t\t\t\t\t\t\t\tdata-frame_999=\"o:0;st:w;\"\n\t\t\t\t\t\t\t\tstyle=\"z-index:7;background-color:rgba(0,0,0,0.4);\"\n\t\t\t\t\t\t\t> \n\t\t\t\t\t\t\t<\/rs-layer><!--\n\n\t\t\t\t\t\t\t--><rs-layer\n\t\t\t\t\t\t\t\tid=\"slider-14-slide-22-layer-21\" \n\t\t\t\t\t\t\t\tdata-type=\"shape\"\n\t\t\t\t\t\t\t\tdata-rsp_ch=\"on\"\n\t\t\t\t\t\t\t\tdata-xy=\"x:c;yo:1825px,1507px,1144px,705px;\"\n\t\t\t\t\t\t\t\tdata-text=\"w:normal;s:20,16,12,7;l:0,20,15,9;\"\n\t\t\t\t\t\t\t\tdata-dim=\"w:2500px,2064px,1568px,967px;h:200px,165px,125px,77px;\"\n\t\t\t\t\t\t\t\tdata-frame_999=\"o:0;st:w;\"\n\t\t\t\t\t\t\t\tstyle=\"z-index:6;background-color:rgba(0,0,0,0.4);\"\n\t\t\t\t\t\t\t> \n\t\t\t\t\t\t\t<\/rs-layer><!--\n\n\t\t\t\t\t\t\t--><rs-layer\n\t\t\t\t\t\t\t\tid=\"slider-14-slide-22-layer-22\" \n\t\t\t\t\t\t\t\tdata-type=\"shape\"\n\t\t\t\t\t\t\t\tdata-rsp_ch=\"on\"\n\t\t\t\t\t\t\t\tdata-xy=\"x:c;yo:2182px,1801px,1368px,844px;\"\n\t\t\t\t\t\t\t\tdata-text=\"w:normal;s:20,16,12,7;l:0,20,15,9;\"\n\t\t\t\t\t\t\t\tdata-dim=\"w:2500px,2064px,1568px,967px;h:200px,165px,125px,77px;\"\n\t\t\t\t\t\t\t\tdata-frame_999=\"o:0;st:w;\"\n\t\t\t\t\t\t\t\tstyle=\"z-index:5;background-color:rgba(0,0,0,0.4);\"\n\t\t\t\t\t\t\t> \n\t\t\t\t\t\t\t<\/rs-layer><!--\n-->\t\t\t\t\t\t<\/rs-slide>\n\t\t\t\t\t<\/rs-slides>\n\t\t\t\t<\/rs-module>\n\t\t\t\t<script>\n\t\t\t\t\tsetREVStartSize({c: 'rev_slider_14_1',rl:[1240,1024,778,480],el:[2500,768,960,1000],gw:[1240,1024,778,480],gh:[2500,500,300,1000],type:'hero',justify:'',layout:'fullwidth',mh:\"0\"});if (window.RS_MODULES!==undefined && window.RS_MODULES.modules!==undefined && window.RS_MODULES.modules[\"revslider141\"]!==undefined) {window.RS_MODULES.modules[\"revslider141\"].once = false;window.revapi14 = undefined;if (window.RS_MODULES.checkMinimal!==undefined) window.RS_MODULES.checkMinimal()}\n\t\t\t\t<\/script>\n\t\t\t<\/rs-module-wrap>\n\t\t\t<!-- END REVOLUTION SLIDER -->\n<\/div><\/div><\/div><\/div>\n<\/div>","protected":false},"excerpt":{"rendered":"Gezegenimize geldi\u011finizde bizi g\u00fc\u00e7l\u00fc, yarat\u0131c\u0131 ve ilgin\u00e7 yapan \u015feyin gaial\u0131lar\u0131n sahip oldu\u011fu be\u015f ki\u015filik \u00f6zelli\u011fi oldu\u011funu hemen fark edeceksiniz. gaia\u2019y\u0131 \u201cajans\u0131n insanlar\u0131 de\u011fil insanlar\u0131n ajans\u0131\u201d olma prensibiyle kurduk. lego-centric Yarat\u0131c\u0131l\u0131\u011f\u0131n gelece\u011fi ilgin\u00e7 insanlara ihtiya\u00e7 duyuyor. gaia ego merkezli bir gezegen de\u011fil.","protected":false},"author":1,"featured_media":0,"parent":0,"menu_order":0,"comment_status":"closed","ping_status":"closed","template":"template-landing.php","meta":{"_acf_changed":false,"footnotes":""},"class_list":["post-2648","page","type-page","status-publish","hentry"],"acf":[],"yoast_head":"<!-- This site is optimized with the Yoast SEO plugin v27.1.1 - https:\/\/yoast.com\/product\/yoast-seo-wordpress\/ -->\n<title>Karakterimiz - gaia<\/title>\n<meta name=\"description\" content=\"Ajans\u0131n insanlar\u0131 de\u011fil insanlar\u0131n ajans\u0131, Gezegenimize geldi\u011finizde bizi g\u00fc\u00e7l\u00fc, yarat\u0131c\u0131 ve ilgin\u00e7 yapan \u015feyin\" \/>\n<meta name=\"robots\" content=\"index, follow, max-snippet:-1, max-image-preview:large, max-video-preview:-1\" \/>\n<link rel=\"canonical\" href=\"https:\/\/gaiatr.com\/tr\/gaia-teorisi\/\" \/>\n<meta property=\"og:locale\" content=\"tr_TR\" \/>\n<meta property=\"og:type\" content=\"article\" \/>\n<meta property=\"og:title\" content=\"Karakterimiz - gaia\" \/>\n<meta property=\"og:description\" content=\"Ajans\u0131n insanlar\u0131 de\u011fil insanlar\u0131n ajans\u0131, Gezegenimize geldi\u011finizde bizi g\u00fc\u00e7l\u00fc, yarat\u0131c\u0131 ve ilgin\u00e7 yapan \u015feyin\" \/>\n<meta property=\"og:url\" content=\"https:\/\/gaiatr.com\/tr\/gaia-teorisi\/\" \/>\n<meta property=\"og:site_name\" content=\"gaia\" \/>\n<meta property=\"article:publisher\" content=\"https:\/\/www.facebook.com\/gaiaturkiye\" \/>\n<meta property=\"article:modified_time\" content=\"2026-03-23T06:56:47+00:00\" \/>\n<meta name=\"twitter:card\" content=\"summary_large_image\" \/>\n<meta name=\"twitter:site\" content=\"@gaia_turkiye\" \/>\n<meta name=\"twitter:label1\" content=\"Tahmini okuma s\u00fcresi\" \/>\n\t<meta name=\"twitter:data1\" content=\"1 dakika\" \/>\n<script type=\"application\/ld+json\" class=\"yoast-schema-graph\">{\"@context\":\"https:\/\/schema.org\",\"@graph\":[{\"@type\":\"WebPage\",\"@id\":\"https:\/\/gaiatr.com\/karakterimiz\/\",\"url\":\"https:\/\/gaiatr.com\/tr\/gaia-teorisi\/\",\"name\":\"Karakterimiz - gaia\",\"isPartOf\":{\"@id\":\"https:\/\/gaiatr.com\/#website\"},\"datePublished\":\"2024-02-22T13:09:20+00:00\",\"dateModified\":\"2026-03-23T06:56:47+00:00\",\"description\":\"Ajans\u0131n insanlar\u0131 de\u011fil insanlar\u0131n ajans\u0131, Gezegenimize geldi\u011finizde bizi g\u00fc\u00e7l\u00fc, yarat\u0131c\u0131 ve ilgin\u00e7 yapan \u015feyin\",\"breadcrumb\":{\"@id\":\"https:\/\/gaiatr.com\/tr\/gaia-teorisi\/#breadcrumb\"},\"inLanguage\":\"tr\",\"potentialAction\":[{\"@type\":\"ReadAction\",\"target\":[\"https:\/\/gaiatr.com\/tr\/gaia-teorisi\/\"]}]},{\"@type\":\"BreadcrumbList\",\"@id\":\"https:\/\/gaiatr.com\/tr\/gaia-teorisi\/#breadcrumb\",\"itemListElement\":[{\"@type\":\"ListItem\",\"position\":1,\"name\":\"The planet of interesting ideas.\",\"item\":\"https:\/\/gaiatr.com\/tr\/\"},{\"@type\":\"ListItem\",\"position\":2,\"name\":\"gaia-teorisi\"}]},{\"@type\":\"WebSite\",\"@id\":\"https:\/\/gaiatr.com\/#website\",\"url\":\"https:\/\/gaiatr.com\/\",\"name\":\"gaia\",\"description\":\"The planet of interesting ideas.\",\"publisher\":{\"@id\":\"https:\/\/gaiatr.com\/#organization\"},\"potentialAction\":[{\"@type\":\"SearchAction\",\"target\":{\"@type\":\"EntryPoint\",\"urlTemplate\":\"https:\/\/gaiatr.com\/?s={search_term_string}\"},\"query-input\":{\"@type\":\"PropertyValueSpecification\",\"valueRequired\":true,\"valueName\":\"search_term_string\"}}],\"inLanguage\":\"tr\"},{\"@type\":\"Organization\",\"@id\":\"https:\/\/gaiatr.com\/#organization\",\"name\":\"gaia\",\"url\":\"https:\/\/gaiatr.com\/\",\"logo\":{\"@type\":\"ImageObject\",\"inLanguage\":\"tr\",\"@id\":\"https:\/\/gaiatr.com\/#\/schema\/logo\/image\/\",\"url\":\"http:\/\/gaiatr.com\/wp-content\/uploads\/2023\/04\/gaia-logo-1.png\",\"contentUrl\":\"http:\/\/gaiatr.com\/wp-content\/uploads\/2023\/04\/gaia-logo-1.png\",\"width\":1422,\"height\":603,\"caption\":\"gaia\"},\"image\":{\"@id\":\"https:\/\/gaiatr.com\/#\/schema\/logo\/image\/\"},\"sameAs\":[\"https:\/\/www.facebook.com\/gaiaturkiye\",\"https:\/\/x.com\/gaia_turkiye\",\"https:\/\/www.instagram.com\/gaia_turkiye\/\",\"https:\/\/www.youtube.com\/@gaia_turkiye\"]}]}<\/script>\n<!-- \/ Yoast SEO plugin. -->","yoast_head_json":{"title":"Karakterimiz - gaia","description":"Ajans\u0131n insanlar\u0131 de\u011fil insanlar\u0131n ajans\u0131, Gezegenimize geldi\u011finizde bizi g\u00fc\u00e7l\u00fc, yarat\u0131c\u0131 ve ilgin\u00e7 yapan \u015feyin","robots":{"index":"index","follow":"follow","max-snippet":"max-snippet:-1","max-image-preview":"max-image-preview:large","max-video-preview":"max-video-preview:-1"},"canonical":"https:\/\/gaiatr.com\/tr\/gaia-teorisi\/","og_locale":"tr_TR","og_type":"article","og_title":"Karakterimiz - gaia","og_description":"Ajans\u0131n insanlar\u0131 de\u011fil insanlar\u0131n ajans\u0131, Gezegenimize geldi\u011finizde bizi g\u00fc\u00e7l\u00fc, yarat\u0131c\u0131 ve ilgin\u00e7 yapan \u015feyin","og_url":"https:\/\/gaiatr.com\/tr\/gaia-teorisi\/","og_site_name":"gaia","article_publisher":"https:\/\/www.facebook.com\/gaiaturkiye","article_modified_time":"2026-03-23T06:56:47+00:00","twitter_card":"summary_large_image","twitter_site":"@gaia_turkiye","twitter_misc":{"Tahmini okuma s\u00fcresi":"1 dakika"},"schema":{"@context":"https:\/\/schema.org","@graph":[{"@type":"WebPage","@id":"https:\/\/gaiatr.com\/karakterimiz\/","url":"https:\/\/gaiatr.com\/tr\/gaia-teorisi\/","name":"Karakterimiz - gaia","isPartOf":{"@id":"https:\/\/gaiatr.com\/#website"},"datePublished":"2024-02-22T13:09:20+00:00","dateModified":"2026-03-23T06:56:47+00:00","description":"Ajans\u0131n insanlar\u0131 de\u011fil insanlar\u0131n ajans\u0131, Gezegenimize geldi\u011finizde bizi g\u00fc\u00e7l\u00fc, yarat\u0131c\u0131 ve ilgin\u00e7 yapan \u015feyin","breadcrumb":{"@id":"https:\/\/gaiatr.com\/tr\/gaia-teorisi\/#breadcrumb"},"inLanguage":"tr","potentialAction":[{"@type":"ReadAction","target":["https:\/\/gaiatr.com\/tr\/gaia-teorisi\/"]}]},{"@type":"BreadcrumbList","@id":"https:\/\/gaiatr.com\/tr\/gaia-teorisi\/#breadcrumb","itemListElement":[{"@type":"ListItem","position":1,"name":"The planet of interesting ideas.","item":"https:\/\/gaiatr.com\/tr\/"},{"@type":"ListItem","position":2,"name":"gaia-teorisi"}]},{"@type":"WebSite","@id":"https:\/\/gaiatr.com\/#website","url":"https:\/\/gaiatr.com\/","name":"gaia","description":"The planet of interesting ideas.","publisher":{"@id":"https:\/\/gaiatr.com\/#organization"},"potentialAction":[{"@type":"SearchAction","target":{"@type":"EntryPoint","urlTemplate":"https:\/\/gaiatr.com\/?s={search_term_string}"},"query-input":{"@type":"PropertyValueSpecification","valueRequired":true,"valueName":"search_term_string"}}],"inLanguage":"tr"},{"@type":"Organization","@id":"https:\/\/gaiatr.com\/#organization","name":"gaia","url":"https:\/\/gaiatr.com\/","logo":{"@type":"ImageObject","inLanguage":"tr","@id":"https:\/\/gaiatr.com\/#\/schema\/logo\/image\/","url":"http:\/\/gaiatr.com\/wp-content\/uploads\/2023\/04\/gaia-logo-1.png","contentUrl":"http:\/\/gaiatr.com\/wp-content\/uploads\/2023\/04\/gaia-logo-1.png","width":1422,"height":603,"caption":"gaia"},"image":{"@id":"https:\/\/gaiatr.com\/#\/schema\/logo\/image\/"},"sameAs":["https:\/\/www.facebook.com\/gaiaturkiye","https:\/\/x.com\/gaia_turkiye","https:\/\/www.instagram.com\/gaia_turkiye\/","https:\/\/www.youtube.com\/@gaia_turkiye"]}]}},"_links":{"self":[{"href":"https:\/\/gaiatr.com\/tr\/wp-json\/wp\/v2\/pages\/2648","targetHints":{"allow":["GET"]}}],"collection":[{"href":"https:\/\/gaiatr.com\/tr\/wp-json\/wp\/v2\/pages"}],"about":[{"href":"https:\/\/gaiatr.com\/tr\/wp-json\/wp\/v2\/types\/page"}],"author":[{"embeddable":true,"href":"https:\/\/gaiatr.com\/tr\/wp-json\/wp\/v2\/users\/1"}],"replies":[{"embeddable":true,"href":"https:\/\/gaiatr.com\/tr\/wp-json\/wp\/v2\/comments?post=2648"}],"version-history":[{"count":15,"href":"https:\/\/gaiatr.com\/tr\/wp-json\/wp\/v2\/pages\/2648\/revisions"}],"predecessor-version":[{"id":3138,"href":"https:\/\/gaiatr.com\/tr\/wp-json\/wp\/v2\/pages\/2648\/revisions\/3138"}],"wp:attachment":[{"href":"https:\/\/gaiatr.com\/tr\/wp-json\/wp\/v2\/media?parent=2648"}],"curies":[{"name":"wp","href":"https:\/\/api.w.org\/{rel}","templated":true}]}}