{"id":1429,"date":"2023-05-03T09:25:11","date_gmt":"2023-05-03T09:25:11","guid":{"rendered":"http:\/\/gaiatr.com\/?page_id=1429"},"modified":"2026-03-23T09:51:40","modified_gmt":"2026-03-23T06:51:40","slug":"ekosistemimiz","status":"publish","type":"page","link":"https:\/\/gaiatr.com\/tr\/ekosistemimiz\/","title":{"rendered":"Ekosistemimiz"},"content":{"rendered":"<div class=\"wpb-content-wrapper\"><div data-vc-full-width=\"true\" data-vc-full-width-init=\"false\" data-vc-stretch-content=\"true\" class=\"vc_row wpb_row vc_row-fluid default vc_row-no-padding\"><div class=\"wpb_column vc_column_container vc_col-sm-12 default\"><div class=\"vc_column-inner \"><div class=\"wpb_wrapper\"><div class=\"banner-area banner-area-69f542e23b18f banner-color-inherit\"><div class=\"banner-social-buttons\"><div class=\"links\"><a href=\"https:\/\/www.instagram.com\/gaia_turkiye\/\" target=\"_blank\"><i class=\"fa fa-instagram icon-t1\"><\/i> <i class=\"social-icon-color-instagram icon-t2\"><\/i> <span>Instagram<\/span><\/a><a href=\"https:\/\/twitter.com\/gaia_turkiye\" target=\"_blank\"><i class=\"fa fa-twitter icon-t1\"><\/i> <i class=\"social-icon-color-twitter icon-t2\"><\/i> <span>Twitter<\/span><\/a><a href=\"https:\/\/www.facebook.com\/gaiaturkiye\" target=\"_blank\"><i class=\"fa fa-facebook icon-t1\"><\/i> <i class=\"social-icon-color-facebook icon-t2\"><\/i> <span>Facebook<\/span><\/a><a href=\"https:\/\/www.linkedin.com\/company\/gaiaturkiye\/\" target=\"_blank\"><i class=\"fa fa-linkedin icon-t1\"><\/i> <i class=\"social-icon-color-linkedin icon-t2\"><\/i> <span>LinkedIn<\/span><\/a><a href=\"https:\/\/www.youtube.com\/@gaia_turkiye\" target=\"_blank\"><i class=\"fa fa-youtube icon-t1\"><\/i> <i class=\"social-icon-color-youtube icon-t2\"><\/i> <span>YouTube<\/span><\/a><\/div><\/div><div class=\"banner banner-69f542e23b18d\" style=\"\"><div class=\"item banner-item-69f542e23cab0 center-center mob-center-center\" style=\"background-image: url(https:\/\/gaiatr.com\/wp-content\/uploads\/2023\/04\/slider_1.png)\"><div class=\"container\"><div class=\"cell c-center ch-left\"><div class=\"heading\"><h2 class=\"h\">Yarat\u0131c\u0131l\u0131\u011f\u0131n ve ilgin\u00e7 fikirlerin<br \/>\ngezegenine ho\u015f geldiniz.<\/h2><\/div><\/div><\/div><\/div><\/div><\/div><\/div><\/div><\/div><\/div><div class=\"vc_row-full-width vc_clearfix\"><\/div><div class=\"vc_row wpb_row vc_row-fluid wpb_animate_when_almost_visible wpb_fadeInRight fadeInRight vc_custom_1734597518760 default\"><div class=\"wpb_column vc_column_container vc_col-sm-4 default\"><div class=\"vc_column-inner vc_custom_1734598699201\"><div class=\"wpb_wrapper\"><div class=\"vc_btn3-container  wpb_animate_when_almost_visible wpb_fadeInRight fadeInRight vc_btn3-center\" ><button style=\"background-color:#9a1220; color:#ffffff;\" class=\"vc_general vc_btn3 vc_btn3-size-md vc_btn3-shape-rounded vc_btn3-style-custom vc_btn3-block\">360\u00b0 CREATIVE SOLUTIONS<\/button><\/div><div class=\"vc_btn3-container  wpb_animate_when_almost_visible wpb_fadeInRight fadeInRight vc_btn3-center\" ><button style=\"background-color:#840f1b; color:#ffffff;\" class=\"vc_general vc_btn3 vc_btn3-size-md vc_btn3-shape-rounded vc_btn3-style-custom vc_btn3-block\">STRATEGY<\/button><\/div><div class=\"vc_btn3-container  wpb_animate_when_almost_visible wpb_fadeInRight fadeInRight vc_btn3-center\" ><button style=\"background-color:#6e0d17; color:#ffffff;\" class=\"vc_general vc_btn3 vc_btn3-size-md vc_btn3-shape-rounded vc_btn3-style-custom vc_btn3-block\">BRANDING &amp; CORPORATE IDENTITY<\/button><\/div><div class=\"vc_btn3-container  wpb_animate_when_almost_visible wpb_fadeInRight fadeInRight vc_btn3-center\" ><button style=\"background-color:#580a12; color:#ffffff;\" class=\"vc_general vc_btn3 vc_btn3-size-md vc_btn3-shape-rounded vc_btn3-style-custom vc_btn3-block\">SOCIAL MEDIA MANAGEMENT<\/button><\/div><\/div><\/div><\/div><div class=\"wpb_column vc_column_container vc_col-sm-4 default\"><div class=\"vc_column-inner \"><div class=\"wpb_wrapper\">\n\t<div  class=\"wpb_single_image wpb_content_element vc_align_right  wpb_animate_when_almost_visible wpb_fadeInLeft fadeInLeft\">\n\t\t\n\t\t<figure class=\"wpb_wrapper vc_figure\">\n\t\t\t<div class=\"vc_single_image-wrapper   vc_box_border_grey\"><img loading=\"lazy\" decoding=\"async\" width=\"1080\" height=\"1080\" src=\"https:\/\/gaiatr.com\/wp-content\/uploads\/2024\/12\/brandgoal-gaia-1.png\" class=\"vc_single_image-img attachment-full\" alt=\"\" title=\"brandgoal-gaia-1\" srcset=\"https:\/\/gaiatr.com\/wp-content\/uploads\/2024\/12\/brandgoal-gaia-1.png 1080w, https:\/\/gaiatr.com\/wp-content\/uploads\/2024\/12\/brandgoal-gaia-1-300x300.png 300w, https:\/\/gaiatr.com\/wp-content\/uploads\/2024\/12\/brandgoal-gaia-1-1024x1024.png 1024w, https:\/\/gaiatr.com\/wp-content\/uploads\/2024\/12\/brandgoal-gaia-1-150x150.png 150w, https:\/\/gaiatr.com\/wp-content\/uploads\/2024\/12\/brandgoal-gaia-1-768x768.png 768w, https:\/\/gaiatr.com\/wp-content\/uploads\/2024\/12\/brandgoal-gaia-1-12x12.png 12w\" sizes=\"auto, (max-width: 1080px) 100vw, 1080px\" \/><\/div>\n\t\t<\/figure>\n\t<\/div>\n<\/div><\/div><\/div><div class=\"wpb_column vc_column_container vc_col-sm-4 default\"><div class=\"vc_column-inner vc_custom_1734598705043\"><div class=\"wpb_wrapper\"><div class=\"vc_btn3-container  wpb_animate_when_almost_visible wpb_fadeInRight fadeInRight vc_btn3-center\" ><button style=\"background-color:#42080e; color:#ffffff;\" class=\"vc_general vc_btn3 vc_btn3-size-md vc_btn3-shape-rounded vc_btn3-style-custom vc_btn3-block\">INFLUENCER COLLABORATION<\/button><\/div><div class=\"vc_btn3-container  wpb_animate_when_almost_visible wpb_fadeInRight fadeInRight vc_btn3-center\" ><button style=\"background-color:#2c0509; color:#ffffff;\" class=\"vc_general vc_btn3 vc_btn3-size-md vc_btn3-shape-rounded vc_btn3-style-custom vc_btn3-block\">PRODUCTION<\/button><\/div><div class=\"vc_btn3-container  wpb_animate_when_almost_visible wpb_fadeInRight fadeInRight vc_btn3-center\" ><button style=\"background-color:#160305; color:#ffffff;\" class=\"vc_general vc_btn3 vc_btn3-size-md vc_btn3-shape-rounded vc_btn3-style-custom vc_btn3-block\">DIGITAL PR<\/button><\/div><div class=\"vc_btn3-container  wpb_animate_when_almost_visible wpb_fadeInRight fadeInRight vc_btn3-center\" ><button style=\"background-color:#000000; color:#ffffff;\" class=\"vc_general vc_btn3 vc_btn3-size-md vc_btn3-shape-rounded vc_btn3-style-custom vc_btn3-block\">MEDIA PLANNING<\/button><\/div><\/div><\/div><\/div><\/div><div class=\"vc_row wpb_row vc_row-fluid vc_custom_1684158952207 default\"><div class=\"wpb_animate_when_almost_visible wpb_fadeInRight fadeInRight wpb_column vc_column_container vc_col-sm-12 default\"><div class=\"vc_column-inner \"><div class=\"wpb_wrapper\">\n\t<div class=\"wpb_text_column wpb_content_element \" >\n\t\t<div class=\"wpb_wrapper\">\n\t\t\t<p class=\"p1\" style=\"text-align: center;\"><span style=\"font-family: Urbanist; font-size: 22px;\">2016 y\u0131l\u0131ndan beri marka ve kurumlarla aktif bir \u015fekilde \u00e7al\u0131\u015fan, yenilik\u00e7i y\u00f6ntem ve trendlere odaklanan,<br \/>\n<\/span><span style=\"font-family: Urbanist; font-size: 22px;\">60&#8217;tan fazla nitelikli ve deneyimli ekip \u00fcyesine sahip k\u00fcresel bir dijital pazarlama ve ileti\u015fim grubuyuz.<\/span><\/p>\n<p class=\"p1\" style=\"text-align: center;\"><span style=\"font-family: Urbanist; font-size: 22px;\">T\u00fcrkiye, Katar, \u0130talya, Rusya, ABD, Romanya, Birle\u015fik Arap Emirlikleri, \u0130svi\u00e7re ve Fransa dahil olmak \u00fczere<br \/>\n20&#8217;den fazla farkl\u0131 \u00fclkede kan\u0131tlanm\u0131\u015f bir ge\u00e7mi\u015fe sahibiz.<\/span><\/p>\n<p class=\"p1\" style=\"text-align: center;\"><span style=\"font-family: Urbanist; font-size: 22px;\">Gezegenimizin tam merkezine yani kalbine markan\u0131z\u0131 koyuyor; dijital ve offline d\u00fcnyan\u0131n t\u00fcm enstr\u00fcmanlar\u0131 ile markan\u0131z\u0131 ku\u015fat\u0131yor, pazarlama ve ileti\u015fim ihtiya\u00e7lar\u0131n\u0131za \u00f6zel ger\u00e7ek ve yarat\u0131c\u0131 fikirler \u00fcretiyoruz.<\/span><\/p>\n<p class=\"p1\" style=\"text-align: center;\"><span style=\"font-family: Urbanist; font-size: 22px;\">E\u011fer ilgin\u00e7 fikirlere ihtiyac\u0131n\u0131z varsa, bir araya gelelim.<\/span><\/p>\n\n\t\t<\/div>\n\t<\/div>\n<\/div><\/div><\/div><\/div><div class=\"vc_row wpb_row vc_row-fluid vc_custom_1519200668988 default vc_row-o-equal-height vc_row-flex\"><div class=\"wpb_column vc_column_container vc_col-sm-4 default\"><div class=\"vc_column-inner \"><div class=\"wpb_wrapper\"><div class=\"icon-box  wpb_animate_when_almost_visible wpb_fadeInLeft fadeInLeft\"><div class=\"top\"><div class=\"icon\"><i class=\"fas fa-chess-knight\"><\/i><\/div><h6><span class=\"cell\">Sosyal Medya Stratejileri<\/span><\/h6><\/div><div class=\"desc\">Sosyal Medya \u0130leti\u015fimi i\u00e7in stratejiler olu\u015fturuyor ve bu stratejileri mecralar\u0131n son trendlerine ve i\u015flevlerine paralel olarak kusursuz bir \u015fekilde uyguluyoruz.<\/div><\/div><div class=\"icon-box  wpb_animate_when_almost_visible wpb_fadeInLeft fadeInLeft\"><div class=\"top\"><div class=\"icon\"><i class=\"far fa-lightbulb\"><\/i><\/div><h6><span class=\"cell\">360\u00b0 Yarat\u0131c\u0131 \u00c7\u00f6z\u00fcmler<\/span><\/h6><\/div><div class=\"desc\">Yapt\u0131\u011f\u0131m\u0131z her i\u015fe akl\u0131m\u0131z\u0131 ve fikrimizi kat\u0131yor, markalar\u0131m\u0131za sonu\u00e7 odakl\u0131 bir yakla\u015f\u0131mla b\u00fct\u00fcnle\u015fik kampanya fikirleri olu\u015fturuyoruz.<\/div><\/div><div class=\"icon-box  wpb_animate_when_almost_visible wpb_fadeInLeft fadeInLeft\"><div class=\"top\"><div class=\"icon\"><i class=\"fas fa-photo-video\"><\/i><\/div><h6><span class=\"cell\">\u0130\u00e7erik \u00dcretimi<\/span><\/h6><\/div><div class=\"desc\">\u0130\u00e7erik st\u00fcdyomuzla markalar\u0131m\u0131z\u0131n stratejilerine ve hedeflerine nokta at\u0131\u015f\u0131 dokunan yenilik\u00e7i i\u00e7erikler \u00fcretiyoruz.<\/div><\/div><\/div><\/div><\/div><div class=\"wpb_column vc_column_container vc_col-sm-4 default\"><div class=\"vc_column-inner \"><div class=\"wpb_wrapper\"><div class=\"icon-box  wpb_animate_when_almost_visible wpb_fadeInUp fadeInUp\"><div class=\"top\"><div class=\"icon\"><i class=\"fas fa-mobile-alt\"><\/i><\/div><h6><span class=\"cell\">Influencer Pazarlama<\/span><\/h6><\/div><div class=\"desc\">Data\u2019n\u0131n g\u00fcc\u00fcne inan\u0131yoruz. Analitik ara\u00e7lar\u0131n \u00e7\u0131kt\u0131lar\u0131n\u0131 yarat\u0131c\u0131 fikirlerimizle b\u00fcy\u00fct\u00fcyor, fikirlerimizi do\u011fru influencer\u2019lar ile e\u015fle\u015ftirerek Influencer Marketing\u2019i ba\u015fka bir seviyeye ta\u015f\u0131yoruz.<\/div><\/div><div class=\"icon-box  wpb_animate_when_almost_visible wpb_fadeInUp fadeInUp\"><div class=\"top\"><div class=\"icon\"><i class=\"fas fa-comments\"><\/i><\/div><h6><span class=\"cell\">Dijital PR<\/span><\/h6><\/div><div class=\"desc\">GAIA taraf\u0131ndan benzersiz bir hizmet. \u00d6zel bir ekibimizi, k\u00fcresel \u00f6l\u00e7ekte, dijital a\u011f\u0131zdan a\u011f\u0131za pazarlama taktikleri \u00fczerinde \u00e7al\u0131\u015fmaya adad\u0131k.<\/div><\/div><div class=\"icon-box  wpb_animate_when_almost_visible wpb_fadeInUp fadeInUp\"><div class=\"top\"><div class=\"icon\"><i class=\"fas fa-video\"><\/i><\/div><h6><span class=\"cell\">Prod\u00fcksiyon<\/span><\/h6><\/div><div class=\"desc\">Prod\u00fcksiyon ekibimiz Content Studio ile markalar\u0131m\u0131z i\u00e7in yenilik\u00e7i, etkileyici ve dikkat \u00e7ekici videolar olu\u015fturuyoruz.<\/div><\/div><\/div><\/div><\/div><div class=\"wpb_column vc_column_container vc_col-sm-4 default\"><div class=\"vc_column-inner \"><div class=\"wpb_wrapper\"><div class=\"icon-box  wpb_animate_when_almost_visible wpb_fadeInRight fadeInRight\"><div class=\"top\"><div class=\"icon\"><i class=\"fas fa-ad\"><\/i><\/div><h6><span class=\"cell\">Medya Planlama<\/span><\/h6><\/div><div class=\"desc\">Yapt\u0131\u011f\u0131m\u0131z her \u015feyi nas\u0131l daha g\u00f6r\u00fcn\u00fcr k\u0131laca\u011f\u0131m\u0131z\u0131 bilmek i\u00e7in medya planlamaya \u00f6nem veriyoruz ve bunun i\u00e7in, bu alanda uzmanla\u015fm\u0131\u015f deneyimli bir ekibe sahibiz.<\/div><\/div><div class=\"icon-box  wpb_animate_when_almost_visible wpb_fadeInRight fadeInRight\"><div class=\"top\"><div class=\"icon\"><i class=\"fas fa-chart-line\"><\/i><\/div><h6><span class=\"cell\">Analiz ve Raporlama<\/span><\/h6><\/div><div class=\"desc\">T\u00fcm proje ve operasyonlar\u0131m\u0131z\u0131 deneyimli analistlerimizden olu\u015fan ekibimizle takip edip, analiz ediyoruz.<\/div><\/div><div class=\"icon-box  wpb_animate_when_almost_visible wpb_fadeInRight fadeInRight\"><div class=\"top\"><div class=\"icon\"><i class=\"fas fa-pencil-ruler\"><\/i><\/div><h6><span class=\"cell\">Markalama &amp; Tasar\u0131m<\/span><\/h6><\/div><div class=\"desc\">Yetenekli tasar\u0131mc\u0131lar\u0131m\u0131zla hem dijital hem de fiziksel ortamlar i\u00e7in b\u00fcy\u00fcleyici g\u00f6rsel d\u00fcnyalar yarat\u0131yoruz.<\/div><\/div><\/div><\/div><\/div><\/div><div data-vc-full-width=\"true\" data-vc-full-width-init=\"false\" class=\"vc_row wpb_row vc_row-fluid vc_custom_1734596485572 vc_row-has-fill default vc_row-o-content-middle vc_row-flex\"><div class=\"wpb_animate_when_almost_visible wpb_fadeInLeft fadeInLeft wpb_column vc_column_container vc_col-sm-12 default\"><div class=\"vc_column-inner \"><div class=\"wpb_wrapper\">\n\t<div class=\"wpb_text_column wpb_content_element \" >\n\t\t<div class=\"wpb_wrapper\">\n\t\t\t<blockquote style=\"background: #fff; max-width: 665px; margin: 0 auto; line-height: 36px; padding-left: 70px; padding-right: 70px;\"><p>\n<span style=\"font-family: Urbanist;\"><em>Dijital \u00e7a\u011fda, m\u00fc\u015fteri yolu her zaman d\u00fcmd\u00fcz de\u011fildir ve hatta bazen bir sarmald\u0131r. M\u00fc\u015fterilerin sat\u0131n alma yolunda ge\u00e7ebilecekleri bir\u00e7ok olas\u0131 temas noktas\u0131 kombinasyonu vard\u0131r.<\/em><\/span><\/p>\n<p><span style=\"font-family: Urbanist;\"><strong>PHILIP KOTLER<\/strong><\/span>\n<\/p><\/blockquote>\n\n\t\t<\/div>\n\t<\/div>\n<\/div><\/div><\/div><\/div><div class=\"vc_row-full-width vc_clearfix\"><\/div><div data-vc-full-width=\"true\" data-vc-full-width-init=\"false\" class=\"vc_row wpb_row vc_row-fluid dark-bg vc_custom_1518506321684 vc_row-has-fill default\"><div class=\"wpb_animate_when_almost_visible wpb_fadeInLeft fadeInLeft wpb_column vc_column_container vc_col-sm-12 default\"><div class=\"vc_column-inner vc_custom_1522393769072\"><div class=\"wpb_wrapper\"><h3 style=\"text-align: left\" class=\"h vc_custom_heading vc_custom_1689572434734 tal\" ><span>\u0130lgin\u00e7 fikirlere ihtiyac\u0131n\u0131z varsa, bir araya gelelim.<\/span><\/h3>\n\t<div class=\"wpb_text_column wpb_content_element  vc_custom_1522393777862\" >\n\t\t<div class=\"wpb_wrapper\">\n\t\t\t\n<div class=\"wpcf7 no-js\" id=\"wpcf7-f4-o1\" lang=\"en-US\" dir=\"ltr\" data-wpcf7-id=\"4\">\n<div class=\"screen-reader-response\"><p role=\"status\" aria-live=\"polite\" aria-atomic=\"true\"><\/p> <ul><\/ul><\/div>\n<form action=\"\/tr\/wp-json\/wp\/v2\/pages\/1429#wpcf7-f4-o1\" method=\"post\" class=\"wpcf7-form init\" aria-label=\"Contact form\" novalidate=\"novalidate\" data-status=\"init\">\n<fieldset class=\"hidden-fields-container\"><input type=\"hidden\" name=\"_wpcf7\" value=\"4\" \/><input type=\"hidden\" name=\"_wpcf7_version\" value=\"6.1.5\" \/><input type=\"hidden\" name=\"_wpcf7_locale\" value=\"en_US\" \/><input type=\"hidden\" name=\"_wpcf7_unit_tag\" value=\"wpcf7-f4-o1\" \/><input type=\"hidden\" name=\"_wpcf7_container_post\" value=\"0\" \/><input type=\"hidden\" name=\"_wpcf7_posted_data_hash\" value=\"\" \/>\n<\/fieldset>\n<div class=\"contact-form row\">\n\t<div class=\"col-xs-12 col-sm-6\">\n\t\t<p><span class=\"wpcf7-form-control-wrap\" data-name=\"f-name\"><input size=\"40\" maxlength=\"400\" class=\"wpcf7-form-control wpcf7-text style1\" aria-invalid=\"false\" placeholder=\"Ad-Soyad\" value=\"\" type=\"text\" name=\"f-name\" \/><\/span>\n\t\t<\/p>\n\t<\/div>\n\t<div class=\"col-xs-12 col-sm-6\">\n\t\t<p><span class=\"wpcf7-form-control-wrap\" data-name=\"f-mail\"><input size=\"40\" maxlength=\"400\" class=\"wpcf7-form-control wpcf7-text style1\" aria-invalid=\"false\" placeholder=\"Mail adresiniz\" value=\"\" type=\"text\" name=\"f-mail\" \/><\/span>\n\t\t<\/p>\n\t<\/div>\n\t<div class=\"col-xs-12\">\n\t\t<p><span class=\"wpcf7-form-control-wrap\" data-name=\"f-text\"><textarea cols=\"40\" rows=\"4\" maxlength=\"2000\" class=\"wpcf7-form-control wpcf7-textarea style1\" aria-invalid=\"false\" placeholder=\"Mesaj\u0131n\u0131z\" name=\"f-text\"><\/textarea><\/span>\n\t\t<\/p>\n\t<\/div>\n\t<div class=\"col-xs-12\">\n\t\t<p><button type=\"Send Message\" class=\"wpcf7-form-control wpcf7-submit button-style1 colored\">G\u00d6NDER<\/button>\n\t\t<\/p>\n\t<\/div>\n<\/div><p style=\"display: none !important;\" class=\"akismet-fields-container\" data-prefix=\"_wpcf7_ak_\"><label>&#916;<textarea name=\"_wpcf7_ak_hp_textarea\" cols=\"45\" rows=\"8\" maxlength=\"100\"><\/textarea><\/label><input type=\"hidden\" id=\"ak_js_1\" name=\"_wpcf7_ak_js\" value=\"197\"\/><script>document.getElementById( \"ak_js_1\" ).setAttribute( \"value\", ( new Date() ).getTime() );<\/script><\/p><div class=\"wpcf7-response-output\" aria-hidden=\"true\"><\/div>\n<\/form>\n<\/div>\n\n\n\t\t<\/div>\n\t<\/div>\n<\/div><\/div><\/div><\/div><div class=\"vc_row-full-width vc_clearfix\"><\/div>\n<\/div>","protected":false},"excerpt":{"rendered":"Instagram Twitter Facebook LinkedIn YouTubeYarat\u0131c\u0131l\u0131\u011f\u0131n ve ilgin\u00e7 fikirlerin gezegenine ho\u015f geldiniz.360\u00b0 CREATIVE SOLUTIONSSTRATEGYBRANDING &amp; CORPORATE IDENTITYSOCIAL MEDIA MANAGEMENT INFLUENCER COLLABORATIONPRODUCTIONDIGITAL PRMEDIA PLANNING 2016 y\u0131l\u0131ndan beri marka ve kurumlarla aktif bir \u015fekilde \u00e7al\u0131\u015fan, yenilik\u00e7i y\u00f6ntem ve trendlere odaklanan, 60'tan fazla nitelikli ve deneyimli ekip \u00fcyesine sahip k\u00fcresel bir dijital pazarlama ve ileti\u015fim grubuyuz. T\u00fcrkiye, Katar, \u0130talya, [...]","protected":false},"author":1,"featured_media":0,"parent":0,"menu_order":0,"comment_status":"closed","ping_status":"closed","template":"template-landing.php","meta":{"_acf_changed":false,"footnotes":""},"class_list":["post-1429","page","type-page","status-publish","hentry"],"acf":[],"yoast_head":"<!-- This site is optimized with the Yoast SEO plugin v27.1.1 - https:\/\/yoast.com\/product\/yoast-seo-wordpress\/ -->\n<title>Ekosistemimiz - gaia<\/title>\n<meta name=\"description\" content=\"Sosyal Medya Stratejileri, Influencer Pazarlama, Medya Planlama, 360\u00b0 Yarat\u0131c\u0131 \u00c7\u00f6z\u00fcmler, Dijital PR, Analiz ve Raporlama, \u0130\u00e7erik \u00dcretimi, Prod\u00fcksiyon, Markalama &amp; Tasar\u0131m\" \/>\n<meta name=\"robots\" content=\"index, follow, max-snippet:-1, max-image-preview:large, max-video-preview:-1\" \/>\n<link rel=\"canonical\" href=\"https:\/\/gaiatr.com\/tr\/hakkimizda\/\" \/>\n<meta property=\"og:locale\" content=\"tr_TR\" \/>\n<meta property=\"og:type\" content=\"article\" \/>\n<meta property=\"og:title\" content=\"Ekosistemimiz - gaia\" \/>\n<meta property=\"og:description\" content=\"Sosyal Medya Stratejileri, Influencer Pazarlama, Medya Planlama, 360\u00b0 Yarat\u0131c\u0131 \u00c7\u00f6z\u00fcmler, Dijital PR, Analiz ve Raporlama, \u0130\u00e7erik \u00dcretimi, Prod\u00fcksiyon, Markalama &amp; Tasar\u0131m\" \/>\n<meta property=\"og:url\" content=\"https:\/\/gaiatr.com\/tr\/hakkimizda\/\" \/>\n<meta property=\"og:site_name\" content=\"gaia\" \/>\n<meta property=\"article:publisher\" content=\"https:\/\/www.facebook.com\/gaiaturkiye\" \/>\n<meta property=\"article:modified_time\" content=\"2026-03-23T06:51:40+00:00\" \/>\n<meta name=\"twitter:card\" content=\"summary_large_image\" \/>\n<meta name=\"twitter:site\" content=\"@gaia_turkiye\" \/>\n<meta name=\"twitter:label1\" content=\"Tahmini okuma s\u00fcresi\" \/>\n\t<meta name=\"twitter:data1\" content=\"3 dakika\" \/>\n<script type=\"application\/ld+json\" class=\"yoast-schema-graph\">{\"@context\":\"https:\/\/schema.org\",\"@graph\":[{\"@type\":\"WebPage\",\"@id\":\"https:\/\/gaiatr.com\/ekosistemimiz\/\",\"url\":\"https:\/\/gaiatr.com\/tr\/hakkimizda\/\",\"name\":\"Ekosistemimiz - gaia\",\"isPartOf\":{\"@id\":\"https:\/\/gaiatr.com\/#website\"},\"datePublished\":\"2023-05-03T09:25:11+00:00\",\"dateModified\":\"2026-03-23T06:51:40+00:00\",\"description\":\"Sosyal Medya Stratejileri, Influencer Pazarlama, Medya Planlama, 360\u00b0 Yarat\u0131c\u0131 \u00c7\u00f6z\u00fcmler, Dijital PR, Analiz ve Raporlama, \u0130\u00e7erik \u00dcretimi, Prod\u00fcksiyon, Markalama & Tasar\u0131m\",\"breadcrumb\":{\"@id\":\"https:\/\/gaiatr.com\/tr\/hakkimizda\/#breadcrumb\"},\"inLanguage\":\"tr\",\"potentialAction\":[{\"@type\":\"ReadAction\",\"target\":[\"https:\/\/gaiatr.com\/tr\/hakkimizda\/\"]}]},{\"@type\":\"BreadcrumbList\",\"@id\":\"https:\/\/gaiatr.com\/tr\/hakkimizda\/#breadcrumb\",\"itemListElement\":[{\"@type\":\"ListItem\",\"position\":1,\"name\":\"The planet of interesting ideas.\",\"item\":\"https:\/\/gaiatr.com\/tr\/\"},{\"@type\":\"ListItem\",\"position\":2,\"name\":\"Gaia Hakk\u0131m\u0131zda\"}]},{\"@type\":\"WebSite\",\"@id\":\"https:\/\/gaiatr.com\/#website\",\"url\":\"https:\/\/gaiatr.com\/\",\"name\":\"gaia\",\"description\":\"The planet of interesting ideas.\",\"publisher\":{\"@id\":\"https:\/\/gaiatr.com\/#organization\"},\"potentialAction\":[{\"@type\":\"SearchAction\",\"target\":{\"@type\":\"EntryPoint\",\"urlTemplate\":\"https:\/\/gaiatr.com\/?s={search_term_string}\"},\"query-input\":{\"@type\":\"PropertyValueSpecification\",\"valueRequired\":true,\"valueName\":\"search_term_string\"}}],\"inLanguage\":\"tr\"},{\"@type\":\"Organization\",\"@id\":\"https:\/\/gaiatr.com\/#organization\",\"name\":\"gaia\",\"url\":\"https:\/\/gaiatr.com\/\",\"logo\":{\"@type\":\"ImageObject\",\"inLanguage\":\"tr\",\"@id\":\"https:\/\/gaiatr.com\/#\/schema\/logo\/image\/\",\"url\":\"http:\/\/gaiatr.com\/wp-content\/uploads\/2023\/04\/gaia-logo-1.png\",\"contentUrl\":\"http:\/\/gaiatr.com\/wp-content\/uploads\/2023\/04\/gaia-logo-1.png\",\"width\":1422,\"height\":603,\"caption\":\"gaia\"},\"image\":{\"@id\":\"https:\/\/gaiatr.com\/#\/schema\/logo\/image\/\"},\"sameAs\":[\"https:\/\/www.facebook.com\/gaiaturkiye\",\"https:\/\/x.com\/gaia_turkiye\",\"https:\/\/www.instagram.com\/gaia_turkiye\/\",\"https:\/\/www.youtube.com\/@gaia_turkiye\"]}]}<\/script>\n<!-- \/ Yoast SEO plugin. -->","yoast_head_json":{"title":"Ekosistemimiz - gaia","description":"Sosyal Medya Stratejileri, Influencer Pazarlama, Medya Planlama, 360\u00b0 Yarat\u0131c\u0131 \u00c7\u00f6z\u00fcmler, Dijital PR, Analiz ve Raporlama, \u0130\u00e7erik \u00dcretimi, Prod\u00fcksiyon, Markalama & Tasar\u0131m","robots":{"index":"index","follow":"follow","max-snippet":"max-snippet:-1","max-image-preview":"max-image-preview:large","max-video-preview":"max-video-preview:-1"},"canonical":"https:\/\/gaiatr.com\/tr\/hakkimizda\/","og_locale":"tr_TR","og_type":"article","og_title":"Ekosistemimiz - gaia","og_description":"Sosyal Medya Stratejileri, Influencer Pazarlama, Medya Planlama, 360\u00b0 Yarat\u0131c\u0131 \u00c7\u00f6z\u00fcmler, Dijital PR, Analiz ve Raporlama, \u0130\u00e7erik \u00dcretimi, Prod\u00fcksiyon, Markalama & Tasar\u0131m","og_url":"https:\/\/gaiatr.com\/tr\/hakkimizda\/","og_site_name":"gaia","article_publisher":"https:\/\/www.facebook.com\/gaiaturkiye","article_modified_time":"2026-03-23T06:51:40+00:00","twitter_card":"summary_large_image","twitter_site":"@gaia_turkiye","twitter_misc":{"Tahmini okuma s\u00fcresi":"3 dakika"},"schema":{"@context":"https:\/\/schema.org","@graph":[{"@type":"WebPage","@id":"https:\/\/gaiatr.com\/ekosistemimiz\/","url":"https:\/\/gaiatr.com\/tr\/hakkimizda\/","name":"Ekosistemimiz - gaia","isPartOf":{"@id":"https:\/\/gaiatr.com\/#website"},"datePublished":"2023-05-03T09:25:11+00:00","dateModified":"2026-03-23T06:51:40+00:00","description":"Sosyal Medya Stratejileri, Influencer Pazarlama, Medya Planlama, 360\u00b0 Yarat\u0131c\u0131 \u00c7\u00f6z\u00fcmler, Dijital PR, Analiz ve Raporlama, \u0130\u00e7erik \u00dcretimi, Prod\u00fcksiyon, Markalama & Tasar\u0131m","breadcrumb":{"@id":"https:\/\/gaiatr.com\/tr\/hakkimizda\/#breadcrumb"},"inLanguage":"tr","potentialAction":[{"@type":"ReadAction","target":["https:\/\/gaiatr.com\/tr\/hakkimizda\/"]}]},{"@type":"BreadcrumbList","@id":"https:\/\/gaiatr.com\/tr\/hakkimizda\/#breadcrumb","itemListElement":[{"@type":"ListItem","position":1,"name":"The planet of interesting ideas.","item":"https:\/\/gaiatr.com\/tr\/"},{"@type":"ListItem","position":2,"name":"Gaia Hakk\u0131m\u0131zda"}]},{"@type":"WebSite","@id":"https:\/\/gaiatr.com\/#website","url":"https:\/\/gaiatr.com\/","name":"gaia","description":"The planet of interesting ideas.","publisher":{"@id":"https:\/\/gaiatr.com\/#organization"},"potentialAction":[{"@type":"SearchAction","target":{"@type":"EntryPoint","urlTemplate":"https:\/\/gaiatr.com\/?s={search_term_string}"},"query-input":{"@type":"PropertyValueSpecification","valueRequired":true,"valueName":"search_term_string"}}],"inLanguage":"tr"},{"@type":"Organization","@id":"https:\/\/gaiatr.com\/#organization","name":"gaia","url":"https:\/\/gaiatr.com\/","logo":{"@type":"ImageObject","inLanguage":"tr","@id":"https:\/\/gaiatr.com\/#\/schema\/logo\/image\/","url":"http:\/\/gaiatr.com\/wp-content\/uploads\/2023\/04\/gaia-logo-1.png","contentUrl":"http:\/\/gaiatr.com\/wp-content\/uploads\/2023\/04\/gaia-logo-1.png","width":1422,"height":603,"caption":"gaia"},"image":{"@id":"https:\/\/gaiatr.com\/#\/schema\/logo\/image\/"},"sameAs":["https:\/\/www.facebook.com\/gaiaturkiye","https:\/\/x.com\/gaia_turkiye","https:\/\/www.instagram.com\/gaia_turkiye\/","https:\/\/www.youtube.com\/@gaia_turkiye"]}]}},"_links":{"self":[{"href":"https:\/\/gaiatr.com\/tr\/wp-json\/wp\/v2\/pages\/1429","targetHints":{"allow":["GET"]}}],"collection":[{"href":"https:\/\/gaiatr.com\/tr\/wp-json\/wp\/v2\/pages"}],"about":[{"href":"https:\/\/gaiatr.com\/tr\/wp-json\/wp\/v2\/types\/page"}],"author":[{"embeddable":true,"href":"https:\/\/gaiatr.com\/tr\/wp-json\/wp\/v2\/users\/1"}],"replies":[{"embeddable":true,"href":"https:\/\/gaiatr.com\/tr\/wp-json\/wp\/v2\/comments?post=1429"}],"version-history":[{"count":58,"href":"https:\/\/gaiatr.com\/tr\/wp-json\/wp\/v2\/pages\/1429\/revisions"}],"predecessor-version":[{"id":2973,"href":"https:\/\/gaiatr.com\/tr\/wp-json\/wp\/v2\/pages\/1429\/revisions\/2973"}],"wp:attachment":[{"href":"https:\/\/gaiatr.com\/tr\/wp-json\/wp\/v2\/media?parent=1429"}],"curies":[{"name":"wp","href":"https:\/\/api.w.org\/{rel}","templated":true}]}}