{"id":546,"date":"2018-02-07T12:30:16","date_gmt":"2018-02-07T12:30:16","guid":{"rendered":"http:\/\/gaiatr.com\/?page_id=546"},"modified":"2025-01-09T11:55:20","modified_gmt":"2025-01-09T11:55:20","slug":"gaia-iletisim","status":"publish","type":"page","link":"https:\/\/gaiatr.com\/en\/gaia-iletisim\/","title":{"rendered":"Contact Us"},"content":{"rendered":"<div class=\"wpb-content-wrapper\"><div data-vc-full-width=\"true\" data-vc-full-width-init=\"false\" class=\"vc_row wpb_row vc_row-fluid vc_custom_1689575654800 default\"><div class=\"wpb_column vc_column_container vc_col-sm-12 default\"><div class=\"vc_column-inner\"><div class=\"wpb_wrapper\"><div class=\"wpb_gmaps_widget wpb_content_element\"><h2 class=\"wpb_heading wpb_map_heading\">Contact Us<\/h2><div class=\"wpb_wrapper\"><div class=\"wpb_map_wraper\"><iframe src=\"https:\/\/www.google.com\/maps\/embed?pb=!1m14!1m8!1m3!1d3007.419731132378!2d29.022020999999995!3d41.081675!3m2!1i1024!2i768!4f13.1!3m3!1m2!1s0x14cab7e5715feaa9%3A0x7ed6c1559e9c5868!2sGaia%20TR!5e0!3m2!1str!2str!4v1694775087996!5m2!1str!2str\" width=\"600\" height=\"450\" style=\"border:0;\" allowfullscreen=\"\" loading=\"lazy\" referrerpolicy=\"no-referrer-when-downgrade\"><\/iframe><\/div><\/div><\/div><\/div><\/div><\/div><\/div><div class=\"vc_row-full-width vc_clearfix\"><\/div><div class=\"vc_row wpb_row vc_row-fluid default\"><div class=\"wpb_column vc_column_container vc_col-sm-12 default\"><div class=\"vc_column-inner\"><div class=\"wpb_wrapper\"><div class=\"vc_separator wpb_content_element vc_separator_align_center vc_sep_width_100 vc_sep_pos_align_center vc_separator_no_text vc_sep_color_grey\" ><span class=\"vc_sep_holder vc_sep_holder_l\"><span class=\"vc_sep_line\"><\/span><\/span><span class=\"vc_sep_holder vc_sep_holder_r\"><span class=\"vc_sep_line\"><\/span><\/span>\n<\/div><\/div><\/div><\/div><\/div><div class=\"vc_row wpb_row vc_row-fluid vc_custom_1519281946601 default\"><div class=\"wpb_column vc_column_container vc_col-sm-4 default\"><div class=\"vc_column-inner\"><div class=\"wpb_wrapper\"><div class=\"vc_icon_element vc_icon_element-outer vc_icon_element-align-center\"><div class=\"vc_icon_element-inner vc_icon_element-color-custom vc_icon_element-size-lg vc_icon_element-style- vc_icon_element-background-color-grey\" ><span class=\"vc_icon_element-icon base-icons-telephone-handle-silhouette\" style=\"color:#9a1220 !important\"><\/span><\/div><\/div>\n\t<div class=\"wpb_text_column wpb_content_element\" >\n\t\t<div class=\"wpb_wrapper\">\n\t\t\t<div style=\"text-align: center;\"><span style=\"font-size: 20px;\"><strong>Phone<\/strong><\/span><\/div>\n<div style=\"text-align: center;\">+90 850 441 87 28<\/div>\n\n\t\t<\/div>\n\t<\/div>\n<\/div><\/div><\/div><div class=\"wpb_column vc_column_container vc_col-sm-4 default\"><div class=\"vc_column-inner\"><div class=\"wpb_wrapper\"><div class=\"vc_icon_element vc_icon_element-outer vc_icon_element-align-center\"><div class=\"vc_icon_element-inner vc_icon_element-color-custom vc_icon_element-size-lg vc_icon_element-style- vc_icon_element-background-color-grey\" ><span class=\"vc_icon_element-icon fas fa-envelope\" style=\"color:#9a1220 !important\"><\/span><\/div><\/div>\n\t<div class=\"wpb_text_column wpb_content_element\" >\n\t\t<div class=\"wpb_wrapper\">\n\t\t\t<div style=\"text-align: center;\"><span style=\"font-size: 20px;\"><strong>Email<\/strong><\/span><\/div>\n<div style=\"text-align: center;\">info@gaiatr.com<\/div>\n\n\t\t<\/div>\n\t<\/div>\n<\/div><\/div><\/div><div class=\"wpb_column vc_column_container vc_col-sm-4 default\"><div class=\"vc_column-inner\"><div class=\"wpb_wrapper\"><div class=\"vc_icon_element vc_icon_element-outer vc_icon_element-align-center\"><div class=\"vc_icon_element-inner vc_icon_element-color-custom vc_icon_element-size-lg vc_icon_element-style- vc_icon_element-background-color-grey\" ><span class=\"vc_icon_element-icon fas fa-map-marker\" style=\"color:#9a1220 !important\"><\/span><\/div><\/div>\n\t<div class=\"wpb_text_column wpb_content_element\" >\n\t\t<div class=\"wpb_wrapper\">\n\t\t\t<p style=\"text-align: center;\"><span style=\"font-size: 20px;\"><strong>Address<\/strong><\/span><br \/>\n\u0130nflo Pazarlama ve Organizasyon A.\u015e.<br \/>\nAkat mahallesi Ebulula Mardin Caddesi<br \/>\nNo:16 K:4 Be\u015fikta\u015f \u0130stanbul<\/p>\n\n\t\t<\/div>\n\t<\/div>\n<\/div><\/div><\/div><\/div><div data-vc-full-width=\"true\" data-vc-full-width-init=\"false\" class=\"vc_row wpb_row vc_row-fluid dark-bg vc_custom_1518506321684 vc_row-has-fill default\"><div class=\"wpb_column vc_column_container vc_col-sm-12 default\"><div class=\"vc_column-inner vc_custom_1522393812451\"><div class=\"wpb_wrapper\"><h3 style=\"text-align: left\" class=\"h vc_custom_heading vc_custom_1689575432820 tal\" ><span>If you need interesting ideas, let's get together.<\/span><\/h3>\n\t<div class=\"wpb_text_column wpb_content_element  vc_custom_1522393823060\" >\n\t\t<div class=\"wpb_wrapper\">\n\t\t\t\n<div class=\"wpcf7 no-js\" id=\"wpcf7-f4-o1\" lang=\"en-US\" dir=\"ltr\" data-wpcf7-id=\"4\">\n<div class=\"screen-reader-response\"><p role=\"status\" aria-live=\"polite\" aria-atomic=\"true\"><\/p> <ul><\/ul><\/div>\n<form action=\"\/en\/wp-json\/wp\/v2\/pages\/546#wpcf7-f4-o1\" method=\"post\" class=\"wpcf7-form init\" aria-label=\"Contact form\" novalidate=\"novalidate\" data-status=\"init\" data-trp-original-action=\"\/en\/wp-json\/wp\/v2\/pages\/546#wpcf7-f4-o1\">\n<fieldset class=\"hidden-fields-container\"><input type=\"hidden\" name=\"_wpcf7\" value=\"4\" \/><input type=\"hidden\" name=\"_wpcf7_version\" value=\"6.1.5\" \/><input type=\"hidden\" name=\"_wpcf7_locale\" value=\"en_US\" \/><input type=\"hidden\" name=\"_wpcf7_unit_tag\" value=\"wpcf7-f4-o1\" \/><input type=\"hidden\" name=\"_wpcf7_container_post\" value=\"0\" \/><input type=\"hidden\" name=\"_wpcf7_posted_data_hash\" value=\"\" \/>\n<\/fieldset>\n<div class=\"contact-form row\">\n\t<div class=\"col-xs-12 col-sm-6\">\n\t\t<p><span class=\"wpcf7-form-control-wrap\" data-name=\"f-name\"><input size=\"40\" maxlength=\"400\" class=\"wpcf7-form-control wpcf7-text style1\" aria-invalid=\"false\" placeholder=\"Name-Surname\" value=\"\" type=\"text\" name=\"f-name\" \/><\/span>\n\t\t<\/p>\n\t<\/div>\n\t<div class=\"col-xs-12 col-sm-6\">\n\t\t<p><span class=\"wpcf7-form-control-wrap\" data-name=\"f-mail\"><input size=\"40\" maxlength=\"400\" class=\"wpcf7-form-control wpcf7-text style1\" aria-invalid=\"false\" placeholder=\"Mail\" value=\"\" type=\"text\" name=\"f-mail\" \/><\/span>\n\t\t<\/p>\n\t<\/div>\n\t<div class=\"col-xs-12\">\n\t\t<p><span class=\"wpcf7-form-control-wrap\" data-name=\"f-text\"><textarea cols=\"40\" rows=\"4\" maxlength=\"2000\" class=\"wpcf7-form-control wpcf7-textarea style1\" aria-invalid=\"false\" placeholder=\"Your Message\" name=\"f-text\"><\/textarea><\/span>\n\t\t<\/p>\n\t<\/div>\n\t<div class=\"col-xs-12\">\n\t\t<p><button type=\"Send Message\" class=\"wpcf7-form-control wpcf7-submit button-style1 colored\">Send<\/button>\n\t\t<\/p>\n\t<\/div>\n<\/div><p style=\"display: none !important;\" class=\"akismet-fields-container\" data-prefix=\"_wpcf7_ak_\"><label>&#916;<textarea name=\"_wpcf7_ak_hp_textarea\" cols=\"45\" rows=\"8\" maxlength=\"100\"><\/textarea><\/label><input type=\"hidden\" id=\"ak_js_1\" name=\"_wpcf7_ak_js\" value=\"159\"\/><script>document.getElementById( \"ak_js_1\" ).setAttribute( \"value\", ( new Date() ).getTime() );<\/script><\/p><div class=\"wpcf7-response-output\" aria-hidden=\"true\"><\/div>\n<input type=\"hidden\" name=\"trp-form-language\" value=\"en\"\/><\/form>\n<\/div>\n\n\n\t\t<\/div>\n\t<\/div>\n<\/div><\/div><\/div><\/div><div class=\"vc_row-full-width vc_clearfix\"><\/div>\n<\/div>","protected":false},"excerpt":{"rendered":"\u0130leti\u015fim Telefon +90 850 441 87 28 Email info@gaiatr.com Adres \u0130nflo Pazarlama ve Organizasyon A.\u015e. Akat mahallesi Ebulula Mardin Caddesi No:16 K:4 Be\u015fikta\u015f \u0130stanbul \u0130lgin\u00e7 fikirlere ihtiyac\u0131n\u0131z varsa, bir araya gelelim. G\u00d6NDER &#916;","protected":false},"author":1,"featured_media":0,"parent":0,"menu_order":0,"comment_status":"closed","ping_status":"closed","template":"template-landing.php","meta":{"_acf_changed":false,"footnotes":""},"class_list":["post-546","page","type-page","status-publish","hentry"],"acf":[],"yoast_head":"<!-- This site is optimized with the Yoast SEO plugin v27.1.1 - https:\/\/yoast.com\/product\/yoast-seo-wordpress\/ -->\n<title>\u0130leti\u015fim - gaia<\/title>\n<meta name=\"description\" content=\"\u0130nflo Pazarlama ve Organizasyon A.\u015e.Akat mahallesi Ebulula Mardin Caddesi No:16 K:4 Be\u015fikta\u015f \u0130stanbul\" \/>\n<meta name=\"robots\" content=\"index, follow, max-snippet:-1, max-image-preview:large, max-video-preview:-1\" \/>\n<link rel=\"canonical\" href=\"https:\/\/gaiatr.com\/en\/iletisim\/\" \/>\n<meta property=\"og:locale\" content=\"en_GB\" \/>\n<meta property=\"og:type\" content=\"article\" \/>\n<meta property=\"og:title\" content=\"\u0130leti\u015fim - gaia\" \/>\n<meta property=\"og:description\" content=\"\u0130nflo Pazarlama ve Organizasyon A.\u015e.Akat mahallesi Ebulula Mardin Caddesi No:16 K:4 Be\u015fikta\u015f \u0130stanbul\" \/>\n<meta property=\"og:url\" content=\"https:\/\/gaiatr.com\/en\/iletisim\/\" \/>\n<meta property=\"og:site_name\" content=\"gaia\" \/>\n<meta property=\"article:publisher\" content=\"https:\/\/www.facebook.com\/gaiaturkiye\" \/>\n<meta property=\"article:modified_time\" content=\"2025-01-09T11:55:20+00:00\" \/>\n<meta name=\"twitter:card\" content=\"summary_large_image\" \/>\n<meta name=\"twitter:site\" content=\"@gaia_turkiye\" \/>\n<meta name=\"twitter:label1\" content=\"Estimated reading time\" \/>\n\t<meta name=\"twitter:data1\" content=\"1 minute\" \/>\n<script type=\"application\/ld+json\" class=\"yoast-schema-graph\">{\"@context\":\"https:\/\/schema.org\",\"@graph\":[{\"@type\":\"WebPage\",\"@id\":\"https:\/\/gaiatr.com\/tr\/gaia-iletisim\/\",\"url\":\"https:\/\/gaiatr.com\/tr\/iletisim\/\",\"name\":\"\u0130leti\u015fim - gaia\",\"isPartOf\":{\"@id\":\"https:\/\/gaiatr.com\/#website\"},\"datePublished\":\"2018-02-07T12:30:16+00:00\",\"dateModified\":\"2025-01-09T11:55:20+00:00\",\"description\":\"\u0130nflo Pazarlama ve Organizasyon A.\u015e.Akat mahallesi Ebulula Mardin Caddesi No:16 K:4 Be\u015fikta\u015f \u0130stanbul\",\"breadcrumb\":{\"@id\":\"https:\/\/gaiatr.com\/tr\/iletisim\/#breadcrumb\"},\"inLanguage\":\"en-GB\",\"potentialAction\":[{\"@type\":\"ReadAction\",\"target\":[\"https:\/\/gaiatr.com\/tr\/iletisim\/\"]}]},{\"@type\":\"BreadcrumbList\",\"@id\":\"https:\/\/gaiatr.com\/tr\/iletisim\/#breadcrumb\",\"itemListElement\":[{\"@type\":\"ListItem\",\"position\":1,\"name\":\"The planet of interesting ideas.\",\"item\":\"https:\/\/gaiatr.com\/tr\/\"},{\"@type\":\"ListItem\",\"position\":2,\"name\":\"Gaia \u0130leti\u015fim\"}]},{\"@type\":\"WebSite\",\"@id\":\"https:\/\/gaiatr.com\/#website\",\"url\":\"https:\/\/gaiatr.com\/\",\"name\":\"gaia\",\"description\":\"The planet of interesting ideas.\",\"publisher\":{\"@id\":\"https:\/\/gaiatr.com\/#organization\"},\"potentialAction\":[{\"@type\":\"SearchAction\",\"target\":{\"@type\":\"EntryPoint\",\"urlTemplate\":\"https:\/\/gaiatr.com\/?s={search_term_string}\"},\"query-input\":{\"@type\":\"PropertyValueSpecification\",\"valueRequired\":true,\"valueName\":\"search_term_string\"}}],\"inLanguage\":\"en-GB\"},{\"@type\":\"Organization\",\"@id\":\"https:\/\/gaiatr.com\/#organization\",\"name\":\"gaia\",\"url\":\"https:\/\/gaiatr.com\/\",\"logo\":{\"@type\":\"ImageObject\",\"inLanguage\":\"en-GB\",\"@id\":\"https:\/\/gaiatr.com\/#\/schema\/logo\/image\/\",\"url\":\"http:\/\/gaiatr.com\/wp-content\/uploads\/2023\/04\/gaia-logo-1.png\",\"contentUrl\":\"http:\/\/gaiatr.com\/wp-content\/uploads\/2023\/04\/gaia-logo-1.png\",\"width\":1422,\"height\":603,\"caption\":\"gaia\"},\"image\":{\"@id\":\"https:\/\/gaiatr.com\/#\/schema\/logo\/image\/\"},\"sameAs\":[\"https:\/\/www.facebook.com\/gaiaturkiye\",\"https:\/\/x.com\/gaia_turkiye\",\"https:\/\/www.instagram.com\/gaia_turkiye\/\",\"https:\/\/www.youtube.com\/@gaia_turkiye\"]}]}<\/script>\n<!-- \/ Yoast SEO plugin. -->","yoast_head_json":{"title":"\u0130leti\u015fim - gaia","description":"\u0130nflo Pazarlama ve Organizasyon A.\u015e.Akat mahallesi Ebulula Mardin Caddesi No:16 K:4 Be\u015fikta\u015f \u0130stanbul","robots":{"index":"index","follow":"follow","max-snippet":"max-snippet:-1","max-image-preview":"max-image-preview:large","max-video-preview":"max-video-preview:-1"},"canonical":"https:\/\/gaiatr.com\/en\/iletisim\/","og_locale":"en_GB","og_type":"article","og_title":"\u0130leti\u015fim - gaia","og_description":"\u0130nflo Pazarlama ve Organizasyon A.\u015e.Akat mahallesi Ebulula Mardin Caddesi No:16 K:4 Be\u015fikta\u015f \u0130stanbul","og_url":"https:\/\/gaiatr.com\/en\/iletisim\/","og_site_name":"gaia","article_publisher":"https:\/\/www.facebook.com\/gaiaturkiye","article_modified_time":"2025-01-09T11:55:20+00:00","twitter_card":"summary_large_image","twitter_site":"@gaia_turkiye","twitter_misc":{"Estimated reading time":"1 minute"},"schema":{"@context":"https:\/\/schema.org","@graph":[{"@type":"WebPage","@id":"https:\/\/gaiatr.com\/tr\/gaia-iletisim\/","url":"https:\/\/gaiatr.com\/tr\/iletisim\/","name":"\u0130leti\u015fim - gaia","isPartOf":{"@id":"https:\/\/gaiatr.com\/#website"},"datePublished":"2018-02-07T12:30:16+00:00","dateModified":"2025-01-09T11:55:20+00:00","description":"\u0130nflo Pazarlama ve Organizasyon A.\u015e.Akat mahallesi Ebulula Mardin Caddesi No:16 K:4 Be\u015fikta\u015f \u0130stanbul","breadcrumb":{"@id":"https:\/\/gaiatr.com\/tr\/iletisim\/#breadcrumb"},"inLanguage":"en-GB","potentialAction":[{"@type":"ReadAction","target":["https:\/\/gaiatr.com\/tr\/iletisim\/"]}]},{"@type":"BreadcrumbList","@id":"https:\/\/gaiatr.com\/tr\/iletisim\/#breadcrumb","itemListElement":[{"@type":"ListItem","position":1,"name":"The planet of interesting ideas.","item":"https:\/\/gaiatr.com\/tr\/"},{"@type":"ListItem","position":2,"name":"Gaia \u0130leti\u015fim"}]},{"@type":"WebSite","@id":"https:\/\/gaiatr.com\/#website","url":"https:\/\/gaiatr.com\/","name":"gaia","description":"The planet of interesting ideas.","publisher":{"@id":"https:\/\/gaiatr.com\/#organization"},"potentialAction":[{"@type":"SearchAction","target":{"@type":"EntryPoint","urlTemplate":"https:\/\/gaiatr.com\/?s={search_term_string}"},"query-input":{"@type":"PropertyValueSpecification","valueRequired":true,"valueName":"search_term_string"}}],"inLanguage":"en-GB"},{"@type":"Organization","@id":"https:\/\/gaiatr.com\/#organization","name":"gaia","url":"https:\/\/gaiatr.com\/","logo":{"@type":"ImageObject","inLanguage":"en-GB","@id":"https:\/\/gaiatr.com\/#\/schema\/logo\/image\/","url":"http:\/\/gaiatr.com\/wp-content\/uploads\/2023\/04\/gaia-logo-1.png","contentUrl":"http:\/\/gaiatr.com\/wp-content\/uploads\/2023\/04\/gaia-logo-1.png","width":1422,"height":603,"caption":"gaia"},"image":{"@id":"https:\/\/gaiatr.com\/#\/schema\/logo\/image\/"},"sameAs":["https:\/\/www.facebook.com\/gaiaturkiye","https:\/\/x.com\/gaia_turkiye","https:\/\/www.instagram.com\/gaia_turkiye\/","https:\/\/www.youtube.com\/@gaia_turkiye"]}]}},"_links":{"self":[{"href":"https:\/\/gaiatr.com\/en\/wp-json\/wp\/v2\/pages\/546","targetHints":{"allow":["GET"]}}],"collection":[{"href":"https:\/\/gaiatr.com\/en\/wp-json\/wp\/v2\/pages"}],"about":[{"href":"https:\/\/gaiatr.com\/en\/wp-json\/wp\/v2\/types\/page"}],"author":[{"embeddable":true,"href":"https:\/\/gaiatr.com\/en\/wp-json\/wp\/v2\/users\/1"}],"replies":[{"embeddable":true,"href":"https:\/\/gaiatr.com\/en\/wp-json\/wp\/v2\/comments?post=546"}],"version-history":[{"count":1,"href":"https:\/\/gaiatr.com\/en\/wp-json\/wp\/v2\/pages\/546\/revisions"}],"predecessor-version":[{"id":3108,"href":"https:\/\/gaiatr.com\/en\/wp-json\/wp\/v2\/pages\/546\/revisions\/3108"}],"wp:attachment":[{"href":"https:\/\/gaiatr.com\/en\/wp-json\/wp\/v2\/media?parent=546"}],"curies":[{"name":"wp","href":"https:\/\/api.w.org\/{rel}","templated":true}]}}